{"id":6267,"date":"2023-09-13T17:00:29","date_gmt":"2023-09-13T21:00:29","guid":{"rendered":"https:\/\/athletismelaval.com\/?page_id=6267"},"modified":"2025-12-02T10:01:29","modified_gmt":"2025-12-02T15:01:29","slug":"porter-plainte","status":"publish","type":"page","link":"https:\/\/athletismelaval.com\/en\/porter-plainte\/","title":{"rendered":"Porter plainte"},"content":{"rendered":"<div data-elementor-type=\"wp-page\" data-elementor-id=\"6267\" class=\"elementor elementor-6267\" data-elementor-post-type=\"page\">\n\t\t\t\t\t\t<section class=\"elementor-section elementor-top-section elementor-element elementor-element-b3356f9 elementor-section-boxed elementor-section-height-default elementor-section-height-default\" data-id=\"b3356f9\" data-element_type=\"section\" data-e-type=\"section\">\n\t\t\t\t\t\t<div class=\"elementor-container elementor-column-gap-default\">\n\t\t\t\t\t<div class=\"elementor-column elementor-col-100 elementor-top-column elementor-element elementor-element-df2f580\" data-id=\"df2f580\" data-element_type=\"column\" data-e-type=\"column\">\n\t\t\t<div class=\"elementor-widget-wrap elementor-element-populated\">\n\t\t\t\t\t\t<div class=\"elementor-element elementor-element-ddfdddf elementor-widget elementor-widget-heading\" data-id=\"ddfdddf\" data-element_type=\"widget\" data-e-type=\"widget\" data-widget_type=\"heading.default\">\n\t\t\t\t<div class=\"elementor-widget-container\">\n\t\t\t\t\t<h4 class=\"elementor-heading-title elementor-size-default\">Porter plainte<\/h4>\t\t\t\t<\/div>\n\t\t\t\t<\/div>\n\t\t\t\t\t<\/div>\n\t\t<\/div>\n\t\t\t\t\t<\/div>\n\t\t<\/section>\n\t\t\t\t<section class=\"elementor-section elementor-top-section elementor-element elementor-element-940e0ee elementor-section-boxed elementor-section-height-default elementor-section-height-default\" data-id=\"940e0ee\" data-element_type=\"section\" data-e-type=\"section\">\n\t\t\t\t\t\t<div class=\"elementor-container elementor-column-gap-default\">\n\t\t\t\t\t<div class=\"elementor-column elementor-col-100 elementor-top-column elementor-element elementor-element-d02f200\" data-id=\"d02f200\" data-element_type=\"column\" data-e-type=\"column\">\n\t\t\t<div class=\"elementor-widget-wrap elementor-element-populated\">\n\t\t\t\t\t\t<div class=\"elementor-element elementor-element-479fefc elementor-widget elementor-widget-text-editor\" data-id=\"479fefc\" data-element_type=\"widget\" data-e-type=\"widget\" data-widget_type=\"text-editor.default\">\n\t\t\t\t<div class=\"elementor-widget-container\">\n\t\t\t\t\t\t\t\t\t<p style=\"text-align: center;\">Pour plainte associ\u00e9 au club Athl\u00e9tisme Laval<\/p><p style=\"text-align: center;\"><strong>Courriel :<\/strong> <a href=\"mailto:president@athletismelaval.com\">president@athletismelaval.com<\/a><br \/><strong>Exemple :<\/strong> Contexte d\u2019une situation conflictuelle avec la direction g\u00e9n\u00e9rale<\/p><p style=\"text-align: center;\">Pour plainte pour d\u00e9noncer une situation au Protecteur de l\u2019int\u00e9grit\u00e9 en loisir et en sport-Qu\u00e9bec<\/p><p style=\"text-align: center;\"><strong>Site :<\/strong> <a href=\"https:\/\/www.quebec.ca\/gouvernement\/ministeres-organismes\/protecteur-integrite-loisir-sport\">https:\/\/www.quebec.ca\/gouvernement\/ministeres-organismes\/protecteur-integrite-loisir-sport<\/a><br \/><strong>Exemple :<\/strong> atteinte \u00e0 l\u2019int\u00e9grit\u00e9-harc\u00e8lement-intimidation-abus-discrimination-exploitation<\/p>\t\t\t\t\t\t\t\t<\/div>\n\t\t\t\t<\/div>\n\t\t\t\t\t<\/div>\n\t\t<\/div>\n\t\t\t\t\t<\/div>\n\t\t<\/section>\n\t\t\t\t<\/div>","protected":false},"excerpt":{"rendered":"<p>Porter plainte Pour plainte associ\u00e9 au club Athl\u00e9tisme Laval Courriel : president@athletismelaval.comExemple : Contexte d\u2019une situation conflictuelle avec la direction g\u00e9n\u00e9rale Pour plainte pour d\u00e9noncer une situation au Protecteur de l\u2019int\u00e9grit\u00e9 en loisir et en sport-Qu\u00e9bec Site : https:\/\/www.quebec.ca\/gouvernement\/ministeres-organismes\/protecteur-integrite-loisir-sportExemple : atteinte \u00e0 l\u2019int\u00e9grit\u00e9-harc\u00e8lement-intimidation-abus-discrimination-exploitation<\/p>","protected":false},"author":5,"featured_media":0,"parent":0,"menu_order":0,"comment_status":"closed","ping_status":"closed","template":"elementor_theme","meta":{"_lmt_disableupdate":"no","_lmt_disable":"","footnotes":""},"categories":[29],"class_list":["post-6267","page","type-page","status-publish","hentry","category-sport-aide"],"_links":{"self":[{"href":"https:\/\/athletismelaval.com\/en\/wp-json\/wp\/v2\/pages\/6267","targetHints":{"allow":["GET"]}}],"collection":[{"href":"https:\/\/athletismelaval.com\/en\/wp-json\/wp\/v2\/pages"}],"about":[{"href":"https:\/\/athletismelaval.com\/en\/wp-json\/wp\/v2\/types\/page"}],"author":[{"embeddable":true,"href":"https:\/\/athletismelaval.com\/en\/wp-json\/wp\/v2\/users\/5"}],"replies":[{"embeddable":true,"href":"https:\/\/athletismelaval.com\/en\/wp-json\/wp\/v2\/comments?post=6267"}],"version-history":[{"count":3,"href":"https:\/\/athletismelaval.com\/en\/wp-json\/wp\/v2\/pages\/6267\/revisions"}],"predecessor-version":[{"id":7662,"href":"https:\/\/athletismelaval.com\/en\/wp-json\/wp\/v2\/pages\/6267\/revisions\/7662"}],"wp:attachment":[{"href":"https:\/\/athletismelaval.com\/en\/wp-json\/wp\/v2\/media?parent=6267"}],"wp:term":[{"taxonomy":"category","embeddable":true,"href":"https:\/\/athletismelaval.com\/en\/wp-json\/wp\/v2\/categories?post=6267"}],"curies":[{"name":"wp","href":"https:\/\/api.w.org\/{rel}","templated":true}]}}