{"id":4832,"date":"2022-11-20T00:31:53","date_gmt":"2022-11-20T05:31:53","guid":{"rendered":"https:\/\/athletismelaval.com\/?page_id=4832"},"modified":"2026-03-03T09:03:04","modified_gmt":"2026-03-03T14:03:04","slug":"la-course-des-pompiers-de-laval","status":"publish","type":"page","link":"https:\/\/athletismelaval.com\/en\/accueil\/evenements\/la-course-des-pompiers-de-laval\/","title":{"rendered":"La Course des pompiers de Laval"},"content":{"rendered":"<div data-elementor-type=\"wp-page\" data-elementor-id=\"4832\" class=\"elementor elementor-4832\" data-elementor-post-type=\"page\">\n\t\t\t\t\t\t<section class=\"elementor-section elementor-top-section elementor-element elementor-element-9804e05 elementor-section-boxed elementor-section-height-default elementor-section-height-default\" data-id=\"9804e05\" data-element_type=\"section\" data-e-type=\"section\">\n\t\t\t\t\t\t<div class=\"elementor-container elementor-column-gap-default\">\n\t\t\t\t\t<div class=\"elementor-column elementor-col-100 elementor-top-column elementor-element elementor-element-61eae28\" data-id=\"61eae28\" data-element_type=\"column\" data-e-type=\"column\">\n\t\t\t<div class=\"elementor-widget-wrap elementor-element-populated\">\n\t\t\t\t\t\t<div class=\"elementor-element elementor-element-41906b7 elementor-widget elementor-widget-heading\" data-id=\"41906b7\" data-element_type=\"widget\" data-e-type=\"widget\" data-widget_type=\"heading.default\">\n\t\t\t\t<div class=\"elementor-widget-container\">\n\t\t\t\t\t<h2 class=\"elementor-heading-title elementor-size-default\">La Course des pompiers de Laval<\/h2>\t\t\t\t<\/div>\n\t\t\t\t<\/div>\n\t\t\t\t<section class=\"elementor-section elementor-inner-section elementor-element elementor-element-406e8ae elementor-section-boxed elementor-section-height-default elementor-section-height-default\" data-id=\"406e8ae\" data-element_type=\"section\" data-e-type=\"section\">\n\t\t\t\t\t\t<div class=\"elementor-container elementor-column-gap-default\">\n\t\t\t\t\t<div class=\"elementor-column elementor-col-100 elementor-inner-column elementor-element elementor-element-bab28b1\" data-id=\"bab28b1\" data-element_type=\"column\" data-e-type=\"column\">\n\t\t\t<div class=\"elementor-widget-wrap elementor-element-populated\">\n\t\t\t\t\t\t<div class=\"elementor-element elementor-element-ebee0f1 elementor-widget elementor-widget-text-editor\" data-id=\"ebee0f1\" data-element_type=\"widget\" data-e-type=\"widget\" data-widget_type=\"text-editor.default\">\n\t\t\t\t<div class=\"elementor-widget-container\">\n\t\t\t\t\t\t\t\t\t<h3 style=\"text-align: center;\">Soyez pr\u00e9sent le dimanche, 31 mai 2026 !<\/h3>\t\t\t\t\t\t\t\t<\/div>\n\t\t\t\t<\/div>\n\t\t\t\t<div class=\"elementor-element elementor-element-8f0b9a5 elementor-widget elementor-widget-eael-countdown\" data-id=\"8f0b9a5\" data-element_type=\"widget\" data-e-type=\"widget\" data-widget_type=\"eael-countdown.default\">\n\t\t\t\t<div class=\"elementor-widget-container\">\n\t\t\t\t\t\n\t\t<div class=\"eael-countdown-wrapper\" data-countdown-id=\"8f0b9a5\" data-expire-type=\"none\" data-countdown-type=\"due_date\">\n\t\t\t<div class=\"eael-countdown-container eael-countdown-label-block\">\n                                    <ul id=\"eael-countdown-8f0b9a5\" class=\"eael-countdown-items\" data-date=\"May 31 2026 0:00:00 -4\">\n                        <li class=\"eael-countdown-item\"><div class=\"eael-countdown-days\"><span data-days class=\"eael-countdown-digits\">00<\/span><span class=\"eael-countdown-label\">Jours<\/span><\/div><\/li>                                                                                            <\/ul>\n                    <div class=\"eael-countdown-expiry-template\" style=\"display: none;\">\n                                            <\/div>\n               \n\t\t\t    <div class=\"clearfix\"><\/div>\n\t\t\t<\/div>\n\t\t<\/div>\n\n\t\t\t\t\t<\/div>\n\t\t\t\t<\/div>\n\t\t\t\t<div class=\"elementor-element elementor-element-e3cfa3c elementor-widget elementor-widget-text-editor\" data-id=\"e3cfa3c\" data-element_type=\"widget\" data-e-type=\"widget\" data-widget_type=\"text-editor.default\">\n\t\t\t\t<div class=\"elementor-widget-container\">\n\t\t\t\t\t\t\t\t\t<p>Athl\u00e9tisme Laval est depuis plusieurs ann\u00e9es un tr\u00e8s fier fournisseur de b\u00e9n\u00e9voles \u00e0 la Course des pompiers de Laval. Sans le pr\u00e9cieux support de tous ses membres (athl\u00e8tes et parents), les organisateurs auraient une \u00e9norme\u00a0t\u00e2che de recrutement. Chaque membre d&rsquo;Athl\u00e9tisme Laval se voit assigner une fonction essentielle \u00e0 la tenue de cet \u00e9v\u00e8nement. Nul besoin d&rsquo;aller vous inscrire sur le site officiel, vous l&rsquo;\u00eates d\u00e9j\u00e0!<\/p><p>Un gros merci \u00e0 tous !<\/p>\t\t\t\t\t\t\t\t<\/div>\n\t\t\t\t<\/div>\n\t\t\t\t<div class=\"elementor-element elementor-element-17f4b48 elementor-widget elementor-widget-image\" data-id=\"17f4b48\" data-element_type=\"widget\" data-e-type=\"widget\" data-widget_type=\"image.default\">\n\t\t\t\t<div class=\"elementor-widget-container\">\n\t\t\t\t\t\t\t\t\t\t\t\t\t\t\t\t<a href=\"https:\/\/coursedespompiers.org\">\n\t\t\t\t\t\t\t<img decoding=\"async\" src=\"https:\/\/athletismelaval.com\/wp-content\/uploads\/2022\/11\/CoursePompier_Logo.png\" title=\"\" alt=\"\" loading=\"lazy\" \/>\t\t\t\t\t\t\t\t<\/a>\n\t\t\t\t\t\t\t\t\t\t\t\t\t\t\t<\/div>\n\t\t\t\t<\/div>\n\t\t\t\t<div class=\"elementor-element elementor-element-ea4395b elementor-widget elementor-widget-text-editor\" data-id=\"ea4395b\" data-element_type=\"widget\" data-e-type=\"widget\" data-widget_type=\"text-editor.default\">\n\t\t\t\t<div class=\"elementor-widget-container\">\n\t\t\t\t\t\t\t\t\t<p>Mise \u00e0 jour: 3 mars 2026<\/p>\t\t\t\t\t\t\t\t<\/div>\n\t\t\t\t<\/div>\n\t\t\t\t\t<\/div>\n\t\t<\/div>\n\t\t\t\t\t<\/div>\n\t\t<\/section>\n\t\t\t\t\t<\/div>\n\t\t<\/div>\n\t\t\t\t\t<\/div>\n\t\t<\/section>\n\t\t\t\t<\/div>","protected":false},"excerpt":{"rendered":"<p>La Course des pompiers de Laval Soyez pr\u00e9sent le dimanche, 31 mai 2026 ! 00Jours Athl\u00e9tisme Laval est depuis plusieurs ann\u00e9es un tr\u00e8s fier fournisseur de b\u00e9n\u00e9voles \u00e0 la Course des pompiers de Laval. Sans le pr\u00e9cieux support de tous ses membres (athl\u00e8tes et parents), les organisateurs auraient une \u00e9norme\u00a0t\u00e2che de recrutement. Chaque membre d&rsquo;Athl\u00e9tisme [&hellip;]<\/p>\n","protected":false},"author":2,"featured_media":5474,"parent":2655,"menu_order":0,"comment_status":"closed","ping_status":"closed","template":"elementor_theme","meta":{"_lmt_disableupdate":"","_lmt_disable":"","footnotes":""},"categories":[27],"class_list":["post-4832","page","type-page","status-publish","has-post-thumbnail","hentry","category-evenements"],"_links":{"self":[{"href":"https:\/\/athletismelaval.com\/en\/wp-json\/wp\/v2\/pages\/4832","targetHints":{"allow":["GET"]}}],"collection":[{"href":"https:\/\/athletismelaval.com\/en\/wp-json\/wp\/v2\/pages"}],"about":[{"href":"https:\/\/athletismelaval.com\/en\/wp-json\/wp\/v2\/types\/page"}],"author":[{"embeddable":true,"href":"https:\/\/athletismelaval.com\/en\/wp-json\/wp\/v2\/users\/2"}],"replies":[{"embeddable":true,"href":"https:\/\/athletismelaval.com\/en\/wp-json\/wp\/v2\/comments?post=4832"}],"version-history":[{"count":9,"href":"https:\/\/athletismelaval.com\/en\/wp-json\/wp\/v2\/pages\/4832\/revisions"}],"predecessor-version":[{"id":7742,"href":"https:\/\/athletismelaval.com\/en\/wp-json\/wp\/v2\/pages\/4832\/revisions\/7742"}],"up":[{"embeddable":true,"href":"https:\/\/athletismelaval.com\/en\/wp-json\/wp\/v2\/pages\/2655"}],"wp:featuredmedia":[{"embeddable":true,"href":"https:\/\/athletismelaval.com\/en\/wp-json\/wp\/v2\/media\/5474"}],"wp:attachment":[{"href":"https:\/\/athletismelaval.com\/en\/wp-json\/wp\/v2\/media?parent=4832"}],"wp:term":[{"taxonomy":"category","embeddable":true,"href":"https:\/\/athletismelaval.com\/en\/wp-json\/wp\/v2\/categories?post=4832"}],"curies":[{"name":"wp","href":"https:\/\/api.w.org\/{rel}","templated":true}]}}