{"id":382,"date":"2021-11-22T21:42:25","date_gmt":"2021-11-23T02:42:25","guid":{"rendered":"https:\/\/athletismelaval.com\/?page_id=382"},"modified":"2026-04-03T11:46:07","modified_gmt":"2026-04-03T15:46:07","slug":"competition","status":"publish","type":"page","link":"https:\/\/athletismelaval.com\/en\/volet\/competition\/","title":{"rendered":"Comp\u00e9titif"},"content":{"rendered":"<div data-elementor-type=\"wp-page\" data-elementor-id=\"382\" class=\"elementor elementor-382\" data-elementor-post-type=\"page\">\n\t\t\t\t\t\t<section class=\"elementor-section elementor-top-section elementor-element elementor-element-344ed40 elementor-section-full_width elementor-section-height-default elementor-section-height-default\" data-id=\"344ed40\" data-element_type=\"section\" data-e-type=\"section\">\n\t\t\t\t\t\t<div class=\"elementor-container elementor-column-gap-default\">\n\t\t\t\t\t<div class=\"elementor-column elementor-col-100 elementor-top-column elementor-element elementor-element-540438e\" data-id=\"540438e\" data-element_type=\"column\" data-e-type=\"column\">\n\t\t\t<div class=\"elementor-widget-wrap elementor-element-populated\">\n\t\t\t\t\t\t<div class=\"elementor-element elementor-element-e9de42e elementor-widget elementor-widget-spacer\" data-id=\"e9de42e\" data-element_type=\"widget\" data-e-type=\"widget\" data-widget_type=\"spacer.default\">\n\t\t\t\t<div class=\"elementor-widget-container\">\n\t\t\t\t\t\t\t<div class=\"elementor-spacer\">\n\t\t\t<div class=\"elementor-spacer-inner\"><\/div>\n\t\t<\/div>\n\t\t\t\t\t\t<\/div>\n\t\t\t\t<\/div>\n\t\t\t\t<section class=\"elementor-section elementor-inner-section elementor-element elementor-element-48615b1 elementor-section-full_width elementor-section-height-default elementor-section-height-default\" data-id=\"48615b1\" data-element_type=\"section\" data-e-type=\"section\">\n\t\t\t\t\t\t<div class=\"elementor-container elementor-column-gap-default\">\n\t\t\t\t\t<div class=\"elementor-column elementor-col-50 elementor-inner-column elementor-element elementor-element-ca8c38a\" data-id=\"ca8c38a\" data-element_type=\"column\" data-e-type=\"column\">\n\t\t\t<div class=\"elementor-widget-wrap elementor-element-populated\">\n\t\t\t\t\t\t<div class=\"elementor-element elementor-element-5869cfc elementor-widget elementor-widget-heading\" data-id=\"5869cfc\" data-element_type=\"widget\" data-e-type=\"widget\" data-widget_type=\"heading.default\">\n\t\t\t\t<div class=\"elementor-widget-container\">\n\t\t\t\t\t<h4 class=\"elementor-heading-title elementor-size-default\">Saison 2025-2026 \n<\/h4>\t\t\t\t<\/div>\n\t\t\t\t<\/div>\n\t\t\t\t<div class=\"elementor-element elementor-element-99d28cc elementor-widget elementor-widget-spacer\" data-id=\"99d28cc\" data-element_type=\"widget\" data-e-type=\"widget\" data-widget_type=\"spacer.default\">\n\t\t\t\t<div class=\"elementor-widget-container\">\n\t\t\t\t\t\t\t<div class=\"elementor-spacer\">\n\t\t\t<div class=\"elementor-spacer-inner\"><\/div>\n\t\t<\/div>\n\t\t\t\t\t\t<\/div>\n\t\t\t\t<\/div>\n\t\t\t\t<div class=\"elementor-element elementor-element-09401b9 elementor-widget elementor-widget-heading\" data-id=\"09401b9\" data-element_type=\"widget\" data-e-type=\"widget\" data-widget_type=\"heading.default\">\n\t\t\t\t<div class=\"elementor-widget-container\">\n\t\t\t\t\t<h2 class=\"elementor-heading-title elementor-size-default\">D\u00e9but : lundi 22 septembre 2025 jusqu'au 31 juillet 2026\n<\/h2>\t\t\t\t<\/div>\n\t\t\t\t<\/div>\n\t\t\t\t<div class=\"elementor-element elementor-element-a2951aa elementor-widget elementor-widget-spacer\" data-id=\"a2951aa\" data-element_type=\"widget\" data-e-type=\"widget\" data-widget_type=\"spacer.default\">\n\t\t\t\t<div class=\"elementor-widget-container\">\n\t\t\t\t\t\t\t<div class=\"elementor-spacer\">\n\t\t\t<div class=\"elementor-spacer-inner\"><\/div>\n\t\t<\/div>\n\t\t\t\t\t\t<\/div>\n\t\t\t\t<\/div>\n\t\t\t\t<div class=\"elementor-element elementor-element-3e0e065 elementor-widget elementor-widget-heading\" data-id=\"3e0e065\" data-element_type=\"widget\" data-e-type=\"widget\" data-widget_type=\"heading.default\">\n\t\t\t\t<div class=\"elementor-widget-container\">\n\t\t\t\t\t<h4 class=\"elementor-heading-title elementor-size-medium\">Groupe Endurance 13 ANS+<\/h4>\t\t\t\t<\/div>\n\t\t\t\t<\/div>\n\t\t\t\t<div class=\"elementor-element elementor-element-7f52af6 elementor-widget elementor-widget-text-editor\" data-id=\"7f52af6\" data-element_type=\"widget\" data-e-type=\"widget\" data-widget_type=\"text-editor.default\">\n\t\t\t\t<div class=\"elementor-widget-container\">\n\t\t\t\t\t\t\t\t\t<p>2 \u00e0 3 entrainements par semaine selon l&rsquo;\u00e2ge de l&rsquo;athl\u00e8te : <strong>lundi, mercredi, vendredi<\/strong><\/p><p>Musculation : 1 fois par semaine (16 ans et plus) journ\u00e9e cibl\u00e9e : \u00e0 venir<\/p><p><span style=\"color: #ff0000;\">Entra\u00eenement cross-country du 25 ao\u00fbt au 31 octobre 2025 : <strong>mardi, jeudi, samedi ; <\/strong>Centre de la nature (stationnement pr\u00e8s de la piscine.)<\/span><\/p><p><span style=\"color: #ff0000;\">Mardi et jeudi : 17h30 -19h30\u00a0<\/span><\/p><p><span style=\"color: #ff0000;\">Samedi : 9h00 -10h30<\/span><\/p><p><span style=\"color: #ff0000;\">Novembre 2025 \u00e0 mars 2026 de 17h30-19h30, lundi, mercredi, vendredi.\u00a0<\/span><\/p><p><span lang=\"FR-CA\" style=\"background-color: var( --e-global-color-text );\">Entra\u00eenement ext\u00e9rieur:\u00a0<\/span><span style=\"color: var( --e-global-color-accent ); background-color: var( --e-global-color-text );\">piste Claude-Ferragne \u00e0 Laval d&rsquo;avril \u00e0 la fin juillet et de mi-septembre \u00e0 octobre.<\/span><\/p><p>Complexe Claude-Robillard \u00e0 Montr\u00e9al de novembre \u00e0 mars<span style=\"color: var( --e-global-color-accent ); background-color: var( --e-global-color-text );\"><span lang=\"FR-CA\"><br \/><\/span><\/span><\/p><p><span lang=\"FR-CA\">Plusieurs comp\u00e9titions durant l&rsquo;ann\u00e9e et 2 championnats (hiver et \u00e9t\u00e9)<\/span><span lang=\"FR-CA\">\u00a0<\/span><\/p><div><p><span lang=\"FR-CA\"><b><u>Saison 2025-2026 : <\/u><\/b><\/span><\/p><p><span style=\"background-color: var( --e-global-color-text ); color: #003366;\">D\u00e9but :<\/span><\/p><p class=\"m_-8257811390092437576MsoListParagraph\">lundi 25 ao\u00fbt 2025 au 31 octobre 2025<u><\/u><u><\/u><\/p><p class=\"m_-8257811390092437576MsoListParagraph\">Ensuite, novembre 2025 \u00e0 mars 2026<\/p><\/div>\t\t\t\t\t\t\t\t<\/div>\n\t\t\t\t<\/div>\n\t\t\t\t<div class=\"elementor-element elementor-element-485a18b elementor-widget elementor-widget-spacer\" data-id=\"485a18b\" data-element_type=\"widget\" data-e-type=\"widget\" data-widget_type=\"spacer.default\">\n\t\t\t\t<div class=\"elementor-widget-container\">\n\t\t\t\t\t\t\t<div class=\"elementor-spacer\">\n\t\t\t<div class=\"elementor-spacer-inner\"><\/div>\n\t\t<\/div>\n\t\t\t\t\t\t<\/div>\n\t\t\t\t<\/div>\n\t\t\t\t<div class=\"elementor-element elementor-element-ac47ade elementor-widget elementor-widget-menu-anchor\" data-id=\"ac47ade\" data-element_type=\"widget\" data-e-type=\"widget\" data-widget_type=\"menu-anchor.default\">\n\t\t\t\t<div class=\"elementor-widget-container\">\n\t\t\t\t\t\t\t<div class=\"elementor-menu-anchor\" id=\"informations\"><\/div>\n\t\t\t\t\t\t<\/div>\n\t\t\t\t<\/div>\n\t\t\t\t<div class=\"elementor-element elementor-element-f6b7e73 elementor-widget__width-initial elementor-widget elementor-widget-text-editor\" data-id=\"f6b7e73\" data-element_type=\"widget\" data-e-type=\"widget\" data-widget_type=\"text-editor.default\">\n\t\t\t\t<div class=\"elementor-widget-container\">\n\t\t\t\t\t\t\t\t\t<p>*\u00c0 noter que les entra\u00eenements auront lieu beau temps, mauvais temps, sauf lors de conditions m\u00e9t\u00e9orologiques dangereuses (tonnerres-\u00e9clairs- etc.)<\/p>\t\t\t\t\t\t\t\t<\/div>\n\t\t\t\t<\/div>\n\t\t\t\t<div class=\"elementor-element elementor-element-95420d4 elementor-widget elementor-widget-spacer\" data-id=\"95420d4\" data-element_type=\"widget\" data-e-type=\"widget\" data-widget_type=\"spacer.default\">\n\t\t\t\t<div class=\"elementor-widget-container\">\n\t\t\t\t\t\t\t<div class=\"elementor-spacer\">\n\t\t\t<div class=\"elementor-spacer-inner\"><\/div>\n\t\t<\/div>\n\t\t\t\t\t\t<\/div>\n\t\t\t\t<\/div>\n\t\t\t\t\t<\/div>\n\t\t<\/div>\n\t\t\t\t<div class=\"elementor-column elementor-col-50 elementor-inner-column elementor-element elementor-element-248205c\" data-id=\"248205c\" data-element_type=\"column\" data-e-type=\"column\">\n\t\t\t<div class=\"elementor-widget-wrap elementor-element-populated\">\n\t\t\t\t\t\t<div class=\"elementor-element elementor-element-a16a1f3 elementor-widget elementor-widget-heading\" data-id=\"a16a1f3\" data-element_type=\"widget\" data-e-type=\"widget\" data-widget_type=\"heading.default\">\n\t\t\t\t<div class=\"elementor-widget-container\">\n\t\t\t\t\t<h4 class=\"elementor-heading-title elementor-size-default\">Groupe 8-12 ans<\/h4>\t\t\t\t<\/div>\n\t\t\t\t<\/div>\n\t\t\t\t<div class=\"elementor-element elementor-element-a5bb721 elementor-widget elementor-widget-text-editor\" data-id=\"a5bb721\" data-element_type=\"widget\" data-e-type=\"widget\" data-widget_type=\"text-editor.default\">\n\t\t\t\t<div class=\"elementor-widget-container\">\n\t\t\t\t\t\t\t\t\t<p><span lang=\"FR-CA\">2 entrainements par semaine:\u00a0 <strong>mardi et samedi<\/strong><\/span><\/p><p><span lang=\"FR-CA\">Mardi\u00a0<\/span><span style=\"color: var( --e-global-color-accent ); background-color: var( --e-global-color-text );\">18h00 \u00e0 19h00\u00a0<\/span><span style=\"color: var( --e-global-color-accent ); background-color: var( --e-global-color-text );\">et Samedi 9h00<\/span><span style=\"color: var( --e-global-color-accent ); background-color: var( --e-global-color-text );\"> \u00e0 10h00 <\/span><span style=\"background-color: var( --e-global-color-text ); color: var( --e-global-color-accent );\">(piste ext\u00e9rieure)<\/span><\/p><p><span lang=\"FR-CA\">Mardi : 19h00 \u00e0 20h00 et Samedi 9h00 \u00e0 10h00 (en gymnase)<\/span><\/p><p><span lang=\"FR-CA\">Entrainement ext\u00e9rieur:\u00a0<\/span><span style=\"color: var( --e-global-color-accent ); background-color: var( --e-global-color-text );\">piste Claude-Ferragne \u00e0 Laval d&rsquo;avril \u00e0 la fin juillet et de mi-septembre \u00e0 octobre.<\/span><\/p><p><span lang=\"FR-CA\">Gymnases de l&rsquo;\u00e9cole Odyss\u00e9e-des-Jeunes (entr\u00e9e : porte 15) d&rsquo;octobre \u00e0 avril\u00a0\u00a0<\/span><\/p><p><span lang=\"FR-CA\">5 comp\u00e9titions r\u00e9gionales par ann\u00e9e<\/span><\/p><p><b><u>Saison 2025-2026 :\u00a0<\/u><\/b><\/p><p>D\u00e9but : mardi, 23 septembre de 18h00 \u00e0 19h15 jusqu\u2019au 31 juillet 2026<span style=\"background-color: var( --e-global-color-text );\"> \u00a0<\/span><\/p><p><span style=\"background-color: var( --e-global-color-text );\">*<b>Pour avoir acc\u00e8s \u00e0 ce groupe comp\u00e9titif, l&rsquo;enfant doit avoir suivi le volet initiation au pr\u00e9alable.<\/b><\/span><\/p><h4><strong><span style=\"color: #ff0000;\">Session Printemps (12-14 ans)<\/span><\/strong><\/h4><p>D\u00e9but : 2 mai jusqu&rsquo;au 31 juillet 2026<\/p><p><span style=\"color: var( --e-global-color-accent ); background-color: var( --e-global-color-text );\">(horaire \u00e0 venir) <\/span>2 entra\u00eenements par semaine<\/p>\t\t\t\t\t\t\t\t<\/div>\n\t\t\t\t<\/div>\n\t\t\t\t<div class=\"elementor-element elementor-element-6a9897e elementor-widget elementor-widget-spacer\" data-id=\"6a9897e\" data-element_type=\"widget\" data-e-type=\"widget\" data-widget_type=\"spacer.default\">\n\t\t\t\t<div class=\"elementor-widget-container\">\n\t\t\t\t\t\t\t<div class=\"elementor-spacer\">\n\t\t\t<div class=\"elementor-spacer-inner\"><\/div>\n\t\t<\/div>\n\t\t\t\t\t\t<\/div>\n\t\t\t\t<\/div>\n\t\t\t\t<div class=\"elementor-element elementor-element-f69abd2 elementor-widget elementor-widget-heading\" data-id=\"f69abd2\" data-element_type=\"widget\" data-e-type=\"widget\" data-widget_type=\"heading.default\">\n\t\t\t\t<div class=\"elementor-widget-container\">\n\t\t\t\t\t<h4 class=\"elementor-heading-title elementor-size-default\">Groupe 13-15 ans<\/h4>\t\t\t\t<\/div>\n\t\t\t\t<\/div>\n\t\t\t\t<div class=\"elementor-element elementor-element-8ff5b69 elementor-widget elementor-widget-text-editor\" data-id=\"8ff5b69\" data-element_type=\"widget\" data-e-type=\"widget\" data-widget_type=\"text-editor.default\">\n\t\t\t\t<div class=\"elementor-widget-container\">\n\t\t\t\t\t\t\t\t\t<p><span lang=\"FR-CA\">2 \u00e0 3 entrainements par semaine\/ journ\u00e9e selon l&rsquo;entraineur<\/span><\/p><p><span lang=\"FR-CA\">18h00 \u00e0 19h30 (piste ext\u00e9rieure)\u00a0<\/span><\/p><p><span style=\"color: var( --e-global-color-accent ); background-color: var( --e-global-color-text );\">19h00 \u00e0 20h00 (gymnases \u00e9cole Odyss\u00e9e-des-Jeunes)<\/span><\/p><p><span lang=\"FR-CA\">Entrainement ext\u00e9rieur:\u00a0<\/span><span style=\"color: var( --e-global-color-accent ); background-color: var( --e-global-color-text );\">piste Claude-Ferragne \u00e0 Laval d&rsquo;avril \u00e0 la fin juillet et de mi-septembre \u00e0 octobre.<\/span><\/p><p><span lang=\"FR-CA\">Complexe Claude-Robillard \u00e0 Montr\u00e9al (falcultatif) et\/ou gymnases \u00e9cole Odyss\u00e9e-des-Jeunes de novembre \u00e0 mars\u00a0<strong>lundi<\/strong> et <strong>j<\/strong><\/span><strong>eudi<\/strong><\/p><p><span lang=\"FR-CA\">Plusieurs comp\u00e9titions durant l&rsquo;ann\u00e9e et 2 championnats (hiver et \u00e9t\u00e9)<\/span><\/p><p><b><u>Saison 2025-2026 :<\/u><\/b><\/p><p>D\u00e9but : \u00a0lundi 22 septembre- 18h00 \u00e0 19h30<\/p>\t\t\t\t\t\t\t\t<\/div>\n\t\t\t\t<\/div>\n\t\t\t\t<div class=\"elementor-element elementor-element-13b0ebb elementor-widget-divider--view-line elementor-widget elementor-widget-divider\" data-id=\"13b0ebb\" data-element_type=\"widget\" data-e-type=\"widget\" data-widget_type=\"divider.default\">\n\t\t\t\t<div class=\"elementor-widget-container\">\n\t\t\t\t\t\t\t<div class=\"elementor-divider\">\n\t\t\t<span class=\"elementor-divider-separator\">\n\t\t\t\t\t\t<\/span>\n\t\t<\/div>\n\t\t\t\t\t\t<\/div>\n\t\t\t\t<\/div>\n\t\t\t\t<div class=\"elementor-element elementor-element-1bd6299 elementor-widget elementor-widget-heading\" data-id=\"1bd6299\" data-element_type=\"widget\" data-e-type=\"widget\" data-widget_type=\"heading.default\">\n\t\t\t\t<div class=\"elementor-widget-container\">\n\t\t\t\t\t<h4 class=\"elementor-heading-title elementor-size-default\">Groupe 16 ans et plus<\/h4>\t\t\t\t<\/div>\n\t\t\t\t<\/div>\n\t\t\t\t<div class=\"elementor-element elementor-element-3e90cb9 elementor-widget elementor-widget-text-editor\" data-id=\"3e90cb9\" data-element_type=\"widget\" data-e-type=\"widget\" data-widget_type=\"text-editor.default\">\n\t\t\t\t<div class=\"elementor-widget-container\">\n\t\t\t\t\t\t\t\t\t<p><span lang=\"FR-CA\">3 entrainements par semaine : <strong>lundi, mercredi, et jeudi<\/strong><\/span><\/p><p><span style=\"color: var( --e-global-color-accent ); background-color: var( --e-global-color-text );\">17h30 \u00e0 19h30, variable<\/span><\/p><p><span lang=\"FR-CA\">Entrainement ext\u00e9rieur: piste Claude-Ferragne \u00e0 Laval d&rsquo;avril \u00e0 fin juillet et de mi-septembre \u00e0 octobre.\u00a0<\/span><\/p><p><span style=\"color: var( --e-global-color-accent ); background-color: var( --e-global-color-text );\">Complexe Claude-Robillard \u00e0 Montr\u00e9al de novembre \u00e0 mars\u00a0<\/span><\/p><p><span lang=\"FR-CA\">Plusieurs comp\u00e9titions durant l&rsquo;ann\u00e9e et 2 championnats (hiver et \u00e9t\u00e9).<\/span><\/p><p><span lang=\"FR-CA\"><b><u>Saison 2025-2026 :\u00a0<\/u><\/b><\/span><\/p><p><span style=\"color: var( --e-global-color-accent ); background-color: var( --e-global-color-text );\">D\u00e9but : lundi 22 septembre 2025\u00a0<\/span><\/p><div><span lang=\"FR-CA\">\u00a0<\/span><\/div>\t\t\t\t\t\t\t\t<\/div>\n\t\t\t\t<\/div>\n\t\t\t\t\t<\/div>\n\t\t<\/div>\n\t\t\t\t\t<\/div>\n\t\t<\/section>\n\t\t\t\t<div class=\"elementor-element elementor-element-87ca507 elementor-widget elementor-widget-text-editor\" data-id=\"87ca507\" data-element_type=\"widget\" data-e-type=\"widget\" data-widget_type=\"text-editor.default\">\n\t\t\t\t<div class=\"elementor-widget-container\">\n\t\t\t\t\t\t\t\t\t<p style=\"text-align: left;\">Mise \u00e0 jour: 3 avril 2026<\/p>\t\t\t\t\t\t\t\t<\/div>\n\t\t\t\t<\/div>\n\t\t\t\t\t<\/div>\n\t\t<\/div>\n\t\t\t\t\t<\/div>\n\t\t<\/section>\n\t\t\t\t<section class=\"elementor-section elementor-top-section elementor-element elementor-element-da729e3 elementor-section-boxed elementor-section-height-default elementor-section-height-default\" data-id=\"da729e3\" data-element_type=\"section\" data-e-type=\"section\">\n\t\t\t\t\t\t<div class=\"elementor-container elementor-column-gap-default\">\n\t\t\t\t\t<div class=\"elementor-column elementor-col-100 elementor-top-column elementor-element elementor-element-4071c5a\" data-id=\"4071c5a\" data-element_type=\"column\" data-e-type=\"column\">\n\t\t\t<div class=\"elementor-widget-wrap\">\n\t\t\t\t\t\t\t<\/div>\n\t\t<\/div>\n\t\t\t\t\t<\/div>\n\t\t<\/section>\n\t\t\t\t<\/div>","protected":false},"excerpt":{"rendered":"<p>Saison 2025-2026 D\u00e9but : lundi 22 septembre 2025 jusqu&rsquo;au 31 juillet 2026 Groupe Endurance 13 ANS+ 2 \u00e0 3 entrainements par semaine selon l&rsquo;\u00e2ge de l&rsquo;athl\u00e8te : lundi, mercredi, vendredi Musculation : 1 fois par semaine (16 ans et plus) journ\u00e9e cibl\u00e9e : \u00e0 venir Entra\u00eenement cross-country du 25 ao\u00fbt au 31 octobre 2025 : [&hellip;]<\/p>\n","protected":false},"author":1,"featured_media":1440,"parent":378,"menu_order":0,"comment_status":"closed","ping_status":"closed","template":"elementor_theme","meta":{"_lmt_disableupdate":"","_lmt_disable":"","footnotes":""},"categories":[22],"class_list":["post-382","page","type-page","status-publish","has-post-thumbnail","hentry","category-volets"],"_links":{"self":[{"href":"https:\/\/athletismelaval.com\/en\/wp-json\/wp\/v2\/pages\/382","targetHints":{"allow":["GET"]}}],"collection":[{"href":"https:\/\/athletismelaval.com\/en\/wp-json\/wp\/v2\/pages"}],"about":[{"href":"https:\/\/athletismelaval.com\/en\/wp-json\/wp\/v2\/types\/page"}],"author":[{"embeddable":true,"href":"https:\/\/athletismelaval.com\/en\/wp-json\/wp\/v2\/users\/1"}],"replies":[{"embeddable":true,"href":"https:\/\/athletismelaval.com\/en\/wp-json\/wp\/v2\/comments?post=382"}],"version-history":[{"count":48,"href":"https:\/\/athletismelaval.com\/en\/wp-json\/wp\/v2\/pages\/382\/revisions"}],"predecessor-version":[{"id":8181,"href":"https:\/\/athletismelaval.com\/en\/wp-json\/wp\/v2\/pages\/382\/revisions\/8181"}],"up":[{"embeddable":true,"href":"https:\/\/athletismelaval.com\/en\/wp-json\/wp\/v2\/pages\/378"}],"wp:featuredmedia":[{"embeddable":true,"href":"https:\/\/athletismelaval.com\/en\/wp-json\/wp\/v2\/media\/1440"}],"wp:attachment":[{"href":"https:\/\/athletismelaval.com\/en\/wp-json\/wp\/v2\/media?parent=382"}],"wp:term":[{"taxonomy":"category","embeddable":true,"href":"https:\/\/athletismelaval.com\/en\/wp-json\/wp\/v2\/categories?post=382"}],"curies":[{"name":"wp","href":"https:\/\/api.w.org\/{rel}","templated":true}]}}