{"id":3174,"date":"2022-05-10T23:08:08","date_gmt":"2022-05-11T03:08:08","guid":{"rendered":"https:\/\/athletismelaval.com\/?page_id=3174"},"modified":"2025-07-25T10:30:21","modified_gmt":"2025-07-25T14:30:21","slug":"horaires","status":"publish","type":"page","link":"https:\/\/athletismelaval.com\/en\/volet\/horaires\/","title":{"rendered":"Horaires"},"content":{"rendered":"<div data-elementor-type=\"wp-page\" data-elementor-id=\"3174\" class=\"elementor elementor-3174\" data-elementor-post-type=\"page\">\n\t\t\t\t\t\t<section class=\"elementor-section elementor-top-section elementor-element elementor-element-a0529df elementor-section-boxed elementor-section-height-default elementor-section-height-default\" data-id=\"a0529df\" data-element_type=\"section\" data-e-type=\"section\">\n\t\t\t\t\t\t<div class=\"elementor-container elementor-column-gap-default\">\n\t\t\t\t\t<div class=\"elementor-column elementor-col-100 elementor-top-column elementor-element elementor-element-1e521e4\" data-id=\"1e521e4\" data-element_type=\"column\" data-e-type=\"column\">\n\t\t\t<div class=\"elementor-widget-wrap elementor-element-populated\">\n\t\t\t\t\t\t<section class=\"elementor-section elementor-inner-section elementor-element elementor-element-8f2fa66 elementor-section-boxed elementor-section-height-default elementor-section-height-default\" data-id=\"8f2fa66\" data-element_type=\"section\" data-e-type=\"section\">\n\t\t\t\t\t\t<div class=\"elementor-container elementor-column-gap-default\">\n\t\t\t\t\t<div class=\"elementor-column elementor-col-100 elementor-inner-column elementor-element elementor-element-4fbeb5b\" data-id=\"4fbeb5b\" data-element_type=\"column\" data-e-type=\"column\">\n\t\t\t<div class=\"elementor-widget-wrap elementor-element-populated\">\n\t\t\t\t\t\t<div class=\"elementor-element elementor-element-a6f8c59 elementor-widget elementor-widget-heading\" data-id=\"a6f8c59\" data-element_type=\"widget\" data-e-type=\"widget\" data-widget_type=\"heading.default\">\n\t\t\t\t<div class=\"elementor-widget-container\">\n\t\t\t\t\t<h4 class=\"elementor-heading-title elementor-size-default\">horaire G\u00c9N\u00c9RAL<\/h4>\t\t\t\t<\/div>\n\t\t\t\t<\/div>\n\t\t\t\t<div class=\"elementor-element elementor-element-77e62e3 elementor-widget elementor-widget-text-editor\" data-id=\"77e62e3\" data-element_type=\"widget\" data-e-type=\"widget\" data-widget_type=\"text-editor.default\">\n\t\t\t\t<div class=\"elementor-widget-container\">\n\t\t\t\t\t\t\t\t\t<p style=\"text-align: left;\">Saison 2025-2026 : <span style=\"background-color: var( --e-global-color-text );\">Jusqu&rsquo;au 31 juillet 2026<\/span><\/p><p style=\"text-align: left;\"><span style=\"background-color: var( --e-global-color-text );\">\u00a0<\/span><\/p><p style=\"text-align: left;\"><strong>Mi-septembre \u00e0 fin-octobre et a<\/strong><span style=\"background-color: var( --e-global-color-text );\"><strong>vril \u00e0 fin-juillet :<\/strong> entra\u00eenement ext\u00e9rieur au Stade Claude-Ferragne &#8211; pour tous<\/span><\/p><div><strong><span style=\"background-color: var( --e-global-color-text );\">\u00a0<\/span><\/strong><\/div><div><span style=\"background-color: var( --e-global-color-text );\"><strong>Mi-octobre \u00e0 mi-avril :<\/strong> groupe 8-12 ans comp\u00e9titif entra\u00eenement int\u00e9rieur &#8211; gymnase \u00e9cole Odyss\u00e9e-des-Jeunes porte 16<\/span><\/div><p style=\"text-align: left;\"><strong>Mi-octobre \u00e0 mi-avril :<\/strong> groupe 13-14-15 ans comp\u00e9titif\u00a0<span style=\"background-color: var( --e-global-color-text );\">entra\u00eenement int\u00e9rieur &#8211; gymnase \u00e9cole Odyss\u00e9e-des-Jeunes porte 16<\/span><\/p><p style=\"text-align: left;\"><span style=\"background-color: var( --e-global-color-text );\">et un entra\u00eenement au Centre Claude-Robillard (Montr\u00e9al) &#8211; <span style=\"color: #ff0000;\">Pas d&rsquo;acc\u00e8s au centre Claude-Robillard pour r\u00e9novation. date \u00e0 d\u00e9terminer<\/span><\/span><\/p><p style=\"text-align: left;\"><strong>Novembre \u00e0 avril :<\/strong> entra\u00eenement Centre Claude-Robillard (Montr\u00e9al) pour les 13 ans et +<\/p><p><span style=\"background-color: var( --e-global-color-text );\"><span style=\"color: #ff0000;\">Pas d&rsquo;acc\u00e8s au centre Claude-Robillard pour r\u00e9novation. date \u00e0 d\u00e9terminer &#8211; Possibilit\u00e9 gymnase Odyss\u00e9e-des-Jeunes<\/span><\/span><\/p>\t\t\t\t\t\t\t\t<\/div>\n\t\t\t\t<\/div>\n\t\t\t\t<div class=\"elementor-element elementor-element-1a8f949 elementor-widget elementor-widget-spacer\" data-id=\"1a8f949\" data-element_type=\"widget\" data-e-type=\"widget\" data-widget_type=\"spacer.default\">\n\t\t\t\t<div class=\"elementor-widget-container\">\n\t\t\t\t\t\t\t<div class=\"elementor-spacer\">\n\t\t\t<div class=\"elementor-spacer-inner\"><\/div>\n\t\t<\/div>\n\t\t\t\t\t\t<\/div>\n\t\t\t\t<\/div>\n\t\t\t\t\t<\/div>\n\t\t<\/div>\n\t\t\t\t\t<\/div>\n\t\t<\/section>\n\t\t\t\t\t<\/div>\n\t\t<\/div>\n\t\t\t\t\t<\/div>\n\t\t<\/section>\n\t\t\t\t<section class=\"elementor-section elementor-top-section elementor-element elementor-element-4111b24 elementor-section-boxed elementor-section-height-default elementor-section-height-default\" data-id=\"4111b24\" data-element_type=\"section\" data-e-type=\"section\">\n\t\t\t\t\t\t<div class=\"elementor-container elementor-column-gap-default\">\n\t\t\t\t\t<div class=\"elementor-column elementor-col-100 elementor-top-column elementor-element elementor-element-098bf9f\" data-id=\"098bf9f\" data-element_type=\"column\" data-e-type=\"column\">\n\t\t\t<div class=\"elementor-widget-wrap elementor-element-populated\">\n\t\t\t\t\t\t<div class=\"elementor-element elementor-element-533f4a3 elementor-widget elementor-widget-button\" data-id=\"533f4a3\" data-element_type=\"widget\" data-e-type=\"widget\" data-widget_type=\"button.default\">\n\t\t\t\t<div class=\"elementor-widget-container\">\n\t\t\t\t\t\t\t\t\t<div class=\"elementor-button-wrapper\">\n\t\t\t\t\t<a class=\"elementor-button elementor-button-link elementor-size-sm\" href=\"https:\/\/athletismelaval.com\/en\/activites\/piste\/#horairepiste\">\n\t\t\t\t\t\t<span class=\"elementor-button-content-wrapper\">\n\t\t\t\t\t\t\t\t\t<span class=\"elementor-button-text\">Horaire de la piste<\/span>\n\t\t\t\t\t<\/span>\n\t\t\t\t\t<\/a>\n\t\t\t\t<\/div>\n\t\t\t\t\t\t\t\t<\/div>\n\t\t\t\t<\/div>\n\t\t\t\t\t<\/div>\n\t\t<\/div>\n\t\t\t\t\t<\/div>\n\t\t<\/section>\n\t\t\t\t<section class=\"elementor-section elementor-top-section elementor-element elementor-element-92e845f elementor-section-boxed elementor-section-height-default elementor-section-height-default\" data-id=\"92e845f\" data-element_type=\"section\" data-e-type=\"section\">\n\t\t\t\t\t\t<div class=\"elementor-container elementor-column-gap-default\">\n\t\t\t\t\t<div class=\"elementor-column elementor-col-100 elementor-top-column elementor-element elementor-element-5163b2d\" data-id=\"5163b2d\" data-element_type=\"column\" data-e-type=\"column\">\n\t\t\t<div class=\"elementor-widget-wrap elementor-element-populated\">\n\t\t\t\t\t\t<section class=\"elementor-section elementor-inner-section elementor-element elementor-element-0a62597 elementor-section-boxed elementor-section-height-default elementor-section-height-default\" data-id=\"0a62597\" data-element_type=\"section\" data-e-type=\"section\">\n\t\t\t\t\t\t<div class=\"elementor-container elementor-column-gap-default\">\n\t\t\t\t\t<div class=\"elementor-column elementor-col-50 elementor-inner-column elementor-element elementor-element-3219b9b\" data-id=\"3219b9b\" data-element_type=\"column\" data-e-type=\"column\">\n\t\t\t<div class=\"elementor-widget-wrap elementor-element-populated\">\n\t\t\t\t\t\t<div class=\"elementor-element elementor-element-bc95b1d elementor-widget elementor-widget-image\" data-id=\"bc95b1d\" data-element_type=\"widget\" data-e-type=\"widget\" data-widget_type=\"image.default\">\n\t\t\t\t<div class=\"elementor-widget-container\">\n\t\t\t\t\t\t\t\t\t\t\t\t\t\t\t<img decoding=\"async\" src=\"https:\/\/athletismelaval.com\/wp-content\/uploads\/2023\/08\/c-mounkala2-002.jpg\" title=\"\" alt=\"\" loading=\"lazy\" \/>\t\t\t\t\t\t\t\t\t\t\t\t\t\t\t<\/div>\n\t\t\t\t<\/div>\n\t\t\t\t\t<\/div>\n\t\t<\/div>\n\t\t\t\t<div class=\"elementor-column elementor-col-50 elementor-inner-column elementor-element elementor-element-b6157f8\" data-id=\"b6157f8\" data-element_type=\"column\" data-e-type=\"column\">\n\t\t\t<div class=\"elementor-widget-wrap elementor-element-populated\">\n\t\t\t\t\t\t<div class=\"elementor-element elementor-element-a820779 elementor-widget elementor-widget-image\" data-id=\"a820779\" data-element_type=\"widget\" data-e-type=\"widget\" data-widget_type=\"image.default\">\n\t\t\t\t<div class=\"elementor-widget-container\">\n\t\t\t\t\t\t\t\t\t\t\t\t\t\t\t<img decoding=\"async\" src=\"https:\/\/athletismelaval.com\/wp-content\/uploads\/2023\/10\/K-Slim-1-e1696530763876.jpg\" title=\"\" alt=\"\" loading=\"lazy\" \/>\t\t\t\t\t\t\t\t\t\t\t\t\t\t\t<\/div>\n\t\t\t\t<\/div>\n\t\t\t\t\t<\/div>\n\t\t<\/div>\n\t\t\t\t\t<\/div>\n\t\t<\/section>\n\t\t\t\t\t<\/div>\n\t\t<\/div>\n\t\t\t\t\t<\/div>\n\t\t<\/section>\n\t\t\t\t<section class=\"elementor-section elementor-top-section elementor-element elementor-element-2ffb2cf elementor-section-boxed elementor-section-height-default elementor-section-height-default\" data-id=\"2ffb2cf\" data-element_type=\"section\" data-e-type=\"section\">\n\t\t\t\t\t\t<div class=\"elementor-container elementor-column-gap-default\">\n\t\t\t\t\t<div class=\"elementor-column elementor-col-100 elementor-top-column elementor-element elementor-element-9098aaf\" data-id=\"9098aaf\" data-element_type=\"column\" data-e-type=\"column\">\n\t\t\t<div class=\"elementor-widget-wrap elementor-element-populated\">\n\t\t\t\t\t\t<div class=\"elementor-element elementor-element-e00b1d1 elementor-widget elementor-widget-text-editor\" data-id=\"e00b1d1\" data-element_type=\"widget\" data-e-type=\"widget\" data-widget_type=\"text-editor.default\">\n\t\t\t\t<div class=\"elementor-widget-container\">\n\t\t\t\t\t\t\t\t\t<p>Mise \u00e0 jour : 25 Juillet\u00a0 2025<\/p>\t\t\t\t\t\t\t\t<\/div>\n\t\t\t\t<\/div>\n\t\t\t\t\t<\/div>\n\t\t<\/div>\n\t\t\t\t\t<\/div>\n\t\t<\/section>\n\t\t\t\t<\/div>","protected":false},"excerpt":{"rendered":"<p>horaire G\u00c9N\u00c9RAL Saison 2025-2026 : Jusqu&rsquo;au 31 juillet 2026 \u00a0 Mi-septembre \u00e0 fin-octobre et avril \u00e0 fin-juillet : entra\u00eenement ext\u00e9rieur au Stade Claude-Ferragne &#8211; pour tous \u00a0Mi-octobre \u00e0 mi-avril : groupe 8-12 ans comp\u00e9titif entra\u00eenement int\u00e9rieur &#8211; gymnase \u00e9cole Odyss\u00e9e-des-Jeunes porte 16 Mi-octobre \u00e0 mi-avril : groupe 13-14-15 ans comp\u00e9titif\u00a0entra\u00eenement int\u00e9rieur &#8211; gymnase \u00e9cole Odyss\u00e9e-des-Jeunes [&hellip;]<\/p>\n","protected":false},"author":2,"featured_media":5471,"parent":378,"menu_order":0,"comment_status":"closed","ping_status":"closed","template":"elementor_theme","meta":{"_lmt_disableupdate":"","_lmt_disable":"","footnotes":""},"categories":[22],"class_list":["post-3174","page","type-page","status-publish","has-post-thumbnail","hentry","category-volets"],"_links":{"self":[{"href":"https:\/\/athletismelaval.com\/en\/wp-json\/wp\/v2\/pages\/3174","targetHints":{"allow":["GET"]}}],"collection":[{"href":"https:\/\/athletismelaval.com\/en\/wp-json\/wp\/v2\/pages"}],"about":[{"href":"https:\/\/athletismelaval.com\/en\/wp-json\/wp\/v2\/types\/page"}],"author":[{"embeddable":true,"href":"https:\/\/athletismelaval.com\/en\/wp-json\/wp\/v2\/users\/2"}],"replies":[{"embeddable":true,"href":"https:\/\/athletismelaval.com\/en\/wp-json\/wp\/v2\/comments?post=3174"}],"version-history":[{"count":0,"href":"https:\/\/athletismelaval.com\/en\/wp-json\/wp\/v2\/pages\/3174\/revisions"}],"up":[{"embeddable":true,"href":"https:\/\/athletismelaval.com\/en\/wp-json\/wp\/v2\/pages\/378"}],"wp:featuredmedia":[{"embeddable":true,"href":"https:\/\/athletismelaval.com\/en\/wp-json\/wp\/v2\/media\/5471"}],"wp:attachment":[{"href":"https:\/\/athletismelaval.com\/en\/wp-json\/wp\/v2\/media?parent=3174"}],"wp:term":[{"taxonomy":"category","embeddable":true,"href":"https:\/\/athletismelaval.com\/en\/wp-json\/wp\/v2\/categories?post=3174"}],"curies":[{"name":"wp","href":"https:\/\/api.w.org\/{rel}","templated":true}]}}