{"id":2880,"date":"2022-05-03T23:10:46","date_gmt":"2022-05-04T03:10:46","guid":{"rendered":"https:\/\/athletismelaval.com\/?page_id=2880"},"modified":"2026-03-19T15:18:05","modified_gmt":"2026-03-19T19:18:05","slug":"61e-finale-des-jeux-du-quebec","status":"publish","type":"page","link":"https:\/\/athletismelaval.com\/en\/accueil\/evenements\/61e-finale-des-jeux-du-quebec\/","title":{"rendered":"61e\u00a0Finale des Jeux du Qu\u00e9bec"},"content":{"rendered":"<div data-elementor-type=\"wp-page\" data-elementor-id=\"2880\" class=\"elementor elementor-2880\" data-elementor-post-type=\"page\">\n\t\t\t\t\t\t<section class=\"elementor-section elementor-top-section elementor-element elementor-element-8300416 elementor-section-boxed elementor-section-height-default elementor-section-height-default\" data-id=\"8300416\" data-element_type=\"section\" data-e-type=\"section\">\n\t\t\t\t\t\t<div class=\"elementor-container elementor-column-gap-default\">\n\t\t\t\t\t<div class=\"elementor-column elementor-col-100 elementor-top-column elementor-element elementor-element-733177f\" data-id=\"733177f\" data-element_type=\"column\" data-e-type=\"column\">\n\t\t\t<div class=\"elementor-widget-wrap elementor-element-populated\">\n\t\t\t\t\t\t<div class=\"elementor-element elementor-element-cbf5604 elementor-widget elementor-widget-heading\" data-id=\"cbf5604\" data-element_type=\"widget\" data-e-type=\"widget\" data-widget_type=\"heading.default\">\n\t\t\t\t<div class=\"elementor-widget-container\">\n\t\t\t\t\t<h2 class=\"elementor-heading-title elementor-size-default\">Une finale r\u00e9gionale des Jeux du Qu\u00e9bec aura lieu le lundi 25 mai 2026 \u00e0 la piste Claude-Ferragne.<\/h2>\t\t\t\t<\/div>\n\t\t\t\t<\/div>\n\t\t\t\t\t<\/div>\n\t\t<\/div>\n\t\t\t\t\t<\/div>\n\t\t<\/section>\n\t\t\t\t<section class=\"elementor-section elementor-top-section elementor-element elementor-element-9804e05 elementor-section-boxed elementor-section-height-default elementor-section-height-default\" data-id=\"9804e05\" data-element_type=\"section\" data-e-type=\"section\">\n\t\t\t\t\t\t<div class=\"elementor-container elementor-column-gap-default\">\n\t\t\t\t\t<div class=\"elementor-column elementor-col-100 elementor-top-column elementor-element elementor-element-61eae28\" data-id=\"61eae28\" data-element_type=\"column\" data-e-type=\"column\">\n\t\t\t<div class=\"elementor-widget-wrap elementor-element-populated\">\n\t\t\t\t\t\t<div class=\"elementor-element elementor-element-41906b7 elementor-widget elementor-widget-heading\" data-id=\"41906b7\" data-element_type=\"widget\" data-e-type=\"widget\" data-widget_type=\"heading.default\">\n\t\t\t\t<div class=\"elementor-widget-container\">\n\t\t\t\t\t<h2 class=\"elementor-heading-title elementor-size-default\">Finale  Jeux du Qu\u00e9bec, Ville de Saint-Georges, en Beauce<\/h2>\t\t\t\t<\/div>\n\t\t\t\t<\/div>\n\t\t\t\t<section class=\"elementor-section elementor-inner-section elementor-element elementor-element-406e8ae elementor-section-boxed elementor-section-height-default elementor-section-height-default\" data-id=\"406e8ae\" data-element_type=\"section\" data-e-type=\"section\">\n\t\t\t\t\t\t<div class=\"elementor-container elementor-column-gap-default\">\n\t\t\t\t\t<div class=\"elementor-column elementor-col-50 elementor-inner-column elementor-element elementor-element-bab28b1\" data-id=\"bab28b1\" data-element_type=\"column\" data-e-type=\"column\">\n\t\t\t<div class=\"elementor-widget-wrap elementor-element-populated\">\n\t\t\t\t\t\t<div class=\"elementor-element elementor-element-8f0b9a5 elementor-widget elementor-widget-eael-countdown\" data-id=\"8f0b9a5\" data-element_type=\"widget\" data-e-type=\"widget\" data-widget_type=\"eael-countdown.default\">\n\t\t\t\t<div class=\"elementor-widget-container\">\n\t\t\t\t\t\n\t\t<div class=\"eael-countdown-wrapper\" data-countdown-id=\"8f0b9a5\" data-expire-type=\"none\" data-countdown-type=\"due_date\">\n\t\t\t<div class=\"eael-countdown-container eael-countdown-label-block\">\n                                    <ul id=\"eael-countdown-8f0b9a5\" class=\"eael-countdown-items\" data-date=\"Jul 30 2027 0:00:00 -4\">\n                        <li class=\"eael-countdown-item\"><div class=\"eael-countdown-days\"><span data-days class=\"eael-countdown-digits\">00<\/span><span class=\"eael-countdown-label\">Jours<\/span><\/div><\/li>                                                                                            <\/ul>\n                    <div class=\"eael-countdown-expiry-template\" style=\"display: none;\">\n                                            <\/div>\n               \n\t\t\t    <div class=\"clearfix\"><\/div>\n\t\t\t<\/div>\n\t\t<\/div>\n\n\t\t\t\t\t<\/div>\n\t\t\t\t<\/div>\n\t\t\t\t<div class=\"elementor-element elementor-element-e3cfa3c elementor-widget elementor-widget-text-editor\" data-id=\"e3cfa3c\" data-element_type=\"widget\" data-e-type=\"widget\" data-widget_type=\"text-editor.default\">\n\t\t\t\t<div class=\"elementor-widget-container\">\n\t\t\t\t\t\t\t\t\t<p>La 61<sup>e<\/sup> Finale des Jeux du Qu\u00e9bec se d\u00e9roulera \u00e0 Saint-Georges, avec l&rsquo;athl\u00e9tisme dans le premier bloc de comp\u00e9titions, du 30 juillet au 7 ao\u00fbt 2027. Soyez des n\u00f4tres \u00e0 encourager nos athl\u00e8tes de la r\u00e9gion de Laval.<\/p>\t\t\t\t\t\t\t\t<\/div>\n\t\t\t\t<\/div>\n\t\t\t\t\t<\/div>\n\t\t<\/div>\n\t\t\t\t<div class=\"elementor-column elementor-col-50 elementor-inner-column elementor-element elementor-element-099e25e\" data-id=\"099e25e\" data-element_type=\"column\" data-e-type=\"column\">\n\t\t\t<div class=\"elementor-widget-wrap elementor-element-populated\">\n\t\t\t\t\t\t<div class=\"elementor-element elementor-element-17f4b48 elementor-widget elementor-widget-image\" data-id=\"17f4b48\" data-element_type=\"widget\" data-e-type=\"widget\" data-widget_type=\"image.default\">\n\t\t\t\t<div class=\"elementor-widget-container\">\n\t\t\t\t\t\t\t\t\t\t\t\t\t\t\t<img decoding=\"async\" width=\"170\" height=\"154\" src=\"https:\/\/athletismelaval.com\/wp-content\/uploads\/2022\/05\/athletisme.png\" class=\"attachment-large size-large wp-image-2898\" alt=\"\" srcset=\"https:\/\/athletismelaval.com\/wp-content\/uploads\/2022\/05\/athletisme.png 170w, https:\/\/athletismelaval.com\/wp-content\/uploads\/2022\/05\/athletisme-13x12.png 13w\" sizes=\"(max-width: 170px) 100vw, 170px\" \/>\t\t\t\t\t\t\t\t\t\t\t\t\t\t\t<\/div>\n\t\t\t\t<\/div>\n\t\t\t\t\t<\/div>\n\t\t<\/div>\n\t\t\t\t\t<\/div>\n\t\t<\/section>\n\t\t\t\t\t<\/div>\n\t\t<\/div>\n\t\t\t\t\t<\/div>\n\t\t<\/section>\n\t\t\t\t<section class=\"elementor-section elementor-top-section elementor-element elementor-element-cffc317 elementor-section-boxed elementor-section-height-default elementor-section-height-default\" data-id=\"cffc317\" data-element_type=\"section\" data-e-type=\"section\">\n\t\t\t\t\t\t<div class=\"elementor-container elementor-column-gap-default\">\n\t\t\t\t\t<div class=\"elementor-column elementor-col-100 elementor-top-column elementor-element elementor-element-8677c44\" data-id=\"8677c44\" data-element_type=\"column\" data-e-type=\"column\">\n\t\t\t<div class=\"elementor-widget-wrap elementor-element-populated\">\n\t\t\t\t\t\t<div class=\"elementor-element elementor-element-466df07 elementor-widget elementor-widget-heading\" data-id=\"466df07\" data-element_type=\"widget\" data-e-type=\"widget\" data-widget_type=\"heading.default\">\n\t\t\t\t<div class=\"elementor-widget-container\">\n\t\t\t\t\t<h2 class=\"elementor-heading-title elementor-size-default\">S\u00e9lection 2027 - R\u00e9gion de LAVAL<\/h2>\t\t\t\t<\/div>\n\t\t\t\t<\/div>\n\t\t\t\t\t<\/div>\n\t\t<\/div>\n\t\t\t\t\t<\/div>\n\t\t<\/section>\n\t\t\t\t<section class=\"elementor-section elementor-top-section elementor-element elementor-element-10c2409 elementor-section-boxed elementor-section-height-default elementor-section-height-default\" data-id=\"10c2409\" data-element_type=\"section\" data-e-type=\"section\">\n\t\t\t\t\t\t<div class=\"elementor-container elementor-column-gap-default\">\n\t\t\t\t\t<div class=\"elementor-column elementor-col-100 elementor-top-column elementor-element elementor-element-721dd79\" data-id=\"721dd79\" data-element_type=\"column\" data-e-type=\"column\">\n\t\t\t<div class=\"elementor-widget-wrap elementor-element-populated\">\n\t\t\t\t\t\t<div class=\"elementor-element elementor-element-34f0393 elementor-widget__width-initial elementor-widget elementor-widget-text-editor\" data-id=\"34f0393\" data-element_type=\"widget\" data-e-type=\"widget\" data-widget_type=\"text-editor.default\">\n\t\t\t\t<div class=\"elementor-widget-container\">\n\t\t\t\t\t\t\t\t\t<h3>Mai 2027 &#8211; lors de la comp\u00e9tition r\u00e9gionale scolaire de Laval &#8211; Laurentides &#8211; Lanaudi\u00e8re \u00e0 Laval\u00a0<\/h3><h3>Juin 2027 &#8211; lors de la comp\u00e9tition &#8211; s\u00e9lection<\/h3><h3>Crit\u00e8res de s\u00e9lection : <a href=\"https:\/\/athletismelaval.com\/wp-content\/uploads\/2025\/05\/2025-Region-de-Laval-criteres-2.pptx\">INFORMATIONS<\/a><\/h3>\t\t\t\t\t\t\t\t<\/div>\n\t\t\t\t<\/div>\n\t\t\t\t\t<\/div>\n\t\t<\/div>\n\t\t\t\t\t<\/div>\n\t\t<\/section>\n\t\t\t\t<section class=\"elementor-section elementor-top-section elementor-element elementor-element-66e763d elementor-section-boxed elementor-section-height-default elementor-section-height-default\" data-id=\"66e763d\" data-element_type=\"section\" data-e-type=\"section\">\n\t\t\t\t\t\t<div class=\"elementor-container elementor-column-gap-default\">\n\t\t\t\t\t<div class=\"elementor-column elementor-col-100 elementor-top-column elementor-element elementor-element-f4769e5\" data-id=\"f4769e5\" data-element_type=\"column\" data-e-type=\"column\">\n\t\t\t<div class=\"elementor-widget-wrap elementor-element-populated\">\n\t\t\t\t\t\t<div class=\"elementor-element elementor-element-6c9c484 elementor-widget elementor-widget-text-editor\" data-id=\"6c9c484\" data-element_type=\"widget\" data-e-type=\"widget\" data-widget_type=\"text-editor.default\">\n\t\t\t\t<div class=\"elementor-widget-container\">\n\t\t\t\t\t\t\t\t\t<p>Mise \u00e0 jour : 19 mars 2026<\/p>\t\t\t\t\t\t\t\t<\/div>\n\t\t\t\t<\/div>\n\t\t\t\t\t<\/div>\n\t\t<\/div>\n\t\t\t\t\t<\/div>\n\t\t<\/section>\n\t\t\t\t<\/div>","protected":false},"excerpt":{"rendered":"<p>Une finale r\u00e9gionale des Jeux du Qu\u00e9bec aura lieu le lundi 25 mai 2026 \u00e0 la piste Claude-Ferragne. Finale Jeux du Qu\u00e9bec, Ville de Saint-Georges, en Beauce 00Jours La 61e Finale des Jeux du Qu\u00e9bec se d\u00e9roulera \u00e0 Saint-Georges, avec l&rsquo;athl\u00e9tisme dans le premier bloc de comp\u00e9titions, du 30 juillet au 7 ao\u00fbt 2027. Soyez [&hellip;]<\/p>\n","protected":false},"author":2,"featured_media":0,"parent":2655,"menu_order":0,"comment_status":"closed","ping_status":"closed","template":"elementor_theme","meta":{"_lmt_disableupdate":"no","_lmt_disable":"","footnotes":""},"categories":[27],"class_list":["post-2880","page","type-page","status-publish","hentry","category-evenements"],"_links":{"self":[{"href":"https:\/\/athletismelaval.com\/en\/wp-json\/wp\/v2\/pages\/2880","targetHints":{"allow":["GET"]}}],"collection":[{"href":"https:\/\/athletismelaval.com\/en\/wp-json\/wp\/v2\/pages"}],"about":[{"href":"https:\/\/athletismelaval.com\/en\/wp-json\/wp\/v2\/types\/page"}],"author":[{"embeddable":true,"href":"https:\/\/athletismelaval.com\/en\/wp-json\/wp\/v2\/users\/2"}],"replies":[{"embeddable":true,"href":"https:\/\/athletismelaval.com\/en\/wp-json\/wp\/v2\/comments?post=2880"}],"version-history":[{"count":13,"href":"https:\/\/athletismelaval.com\/en\/wp-json\/wp\/v2\/pages\/2880\/revisions"}],"predecessor-version":[{"id":7790,"href":"https:\/\/athletismelaval.com\/en\/wp-json\/wp\/v2\/pages\/2880\/revisions\/7790"}],"up":[{"embeddable":true,"href":"https:\/\/athletismelaval.com\/en\/wp-json\/wp\/v2\/pages\/2655"}],"wp:attachment":[{"href":"https:\/\/athletismelaval.com\/en\/wp-json\/wp\/v2\/media?parent=2880"}],"wp:term":[{"taxonomy":"category","embeddable":true,"href":"https:\/\/athletismelaval.com\/en\/wp-json\/wp\/v2\/categories?post=2880"}],"curies":[{"name":"wp","href":"https:\/\/api.w.org\/{rel}","templated":true}]}}