{"id":2693,"date":"2022-03-07T23:34:20","date_gmt":"2022-03-08T04:34:20","guid":{"rendered":"https:\/\/athletismelaval.com\/?page_id=2693"},"modified":"2026-04-03T11:08:41","modified_gmt":"2026-04-03T15:08:41","slug":"competitions","status":"publish","type":"page","link":"https:\/\/athletismelaval.com\/en\/accueil\/evenements\/competitions\/","title":{"rendered":"Comp\u00e9titions"},"content":{"rendered":"\t\t<div data-elementor-type=\"wp-page\" data-elementor-id=\"2693\" class=\"elementor elementor-2693\" data-elementor-post-type=\"page\">\n\t\t\t\t\t\t<section class=\"elementor-section elementor-top-section elementor-element elementor-element-de2b2e8 elementor-section-boxed elementor-section-height-default elementor-section-height-default\" data-id=\"de2b2e8\" data-element_type=\"section\" data-e-type=\"section\">\n\t\t\t\t\t\t<div class=\"elementor-container elementor-column-gap-default\">\n\t\t\t\t\t<div class=\"elementor-column elementor-col-100 elementor-top-column elementor-element elementor-element-4354e99\" data-id=\"4354e99\" data-element_type=\"column\" data-e-type=\"column\">\n\t\t\t<div class=\"elementor-widget-wrap elementor-element-populated\">\n\t\t\t\t\t\t<div class=\"elementor-element elementor-element-b8cece4 elementor-widget elementor-widget-text-editor\" data-id=\"b8cece4\" data-element_type=\"widget\" data-e-type=\"widget\" data-widget_type=\"text-editor.default\">\n\t\t\t\t<div class=\"elementor-widget-container\">\n\t\t\t\t\t\t\t\t\t<p><b>Comp\u00e9titions 2026<img decoding=\"async\" class=\"wp-image-6670 aligncenter\" src=\"https:\/\/athletismelaval.com\/wp-content\/uploads\/2021\/11\/2024-Athletisme_Laval-004.png\" alt=\"\" width=\"88\" height=\"69\" \/><\/b><\/p>\t\t\t\t\t\t\t\t<\/div>\n\t\t\t\t<\/div>\n\t\t\t\t<section class=\"elementor-section elementor-inner-section elementor-element elementor-element-851d8fe elementor-section-boxed elementor-section-height-default elementor-section-height-default\" data-id=\"851d8fe\" data-element_type=\"section\" data-e-type=\"section\">\n\t\t\t\t\t\t<div class=\"elementor-container elementor-column-gap-default\">\n\t\t\t\t\t<div class=\"elementor-column elementor-col-100 elementor-inner-column elementor-element elementor-element-c9db0b7\" data-id=\"c9db0b7\" data-element_type=\"column\" data-e-type=\"column\">\n\t\t\t<div class=\"elementor-widget-wrap elementor-element-populated\">\n\t\t\t\t\t\t<div class=\"elementor-element elementor-element-75ffbe7 elementor-widget elementor-widget-text-editor\" data-id=\"75ffbe7\" data-element_type=\"widget\" data-e-type=\"widget\" data-widget_type=\"text-editor.default\">\n\t\t\t\t<div class=\"elementor-widget-container\">\n\t\t\t\t\t\t\t\t\t<p>COMBIN\u00c9ES ATHL\u00c9TISME LAVAL<\/p>\t\t\t\t\t\t\t\t<\/div>\n\t\t\t\t<\/div>\n\t\t\t\t<div class=\"elementor-element elementor-element-db64a8c elementor-hidden-tablet elementor-hidden-mobile elementor-countdown--label-block elementor-widget elementor-widget-countdown\" data-id=\"db64a8c\" data-element_type=\"widget\" data-e-type=\"widget\" data-widget_type=\"countdown.default\">\n\t\t\t\t<div class=\"elementor-widget-container\">\n\t\t\t\t\t\t\t<div data-expire-actions=\"[{&quot;type&quot;:&quot;hide&quot;}]\" class=\"elementor-countdown-wrapper\" data-date=\"1779069240\">\n\t\t\t<div class=\"elementor-countdown-item\"><span class=\"elementor-countdown-digits elementor-countdown-days\"><\/span> <span class=\"elementor-countdown-label\">Jours<\/span><\/div>\t\t<\/div>\n\t\t\t\t\t\t<\/div>\n\t\t\t\t<\/div>\n\t\t\t\t<div class=\"elementor-element elementor-element-5f2e3c1 elementor-widget elementor-widget-text-editor\" data-id=\"5f2e3c1\" data-element_type=\"widget\" data-e-type=\"widget\" data-widget_type=\"text-editor.default\">\n\t\t\t\t<div class=\"elementor-widget-container\">\n\t\t\t\t\t\t\t\t\t<p>\u00a0<\/p><p><strong>\u00a0<\/strong><\/p><p><strong>ORGANISATEUR :<\/strong>\u00a0Athl\u00e9tisme Laval<\/p><p><span style=\"background-color: var( --e-global-color-text );\"><b>DATE: <\/b>Dimanche, 17 mai 2026<\/span><\/p><p><strong>LIEU : <\/strong>Piste Claude-Ferragne, Laval<\/p><p><b>POUR <\/b>: Enfants 4-12 ans<\/p><p><strong>DOCUMENT TECHNIQUE : <a href=\"https:\/\/athletismelaval.com\/wp-content\/uploads\/2026\/04\/Document-technique-combineg\u0327es-AL-2026-V4-002.pdf\">COMBIN\u00c9ES ATHL\u00c9TISME LAVAL\u00a0<\/a><\/strong><\/p><p><b>INSCRIPTION EN LIGNE :\u00a0<a href=\"https:\/\/avs-sport.com\/main.php\">Plateforme AVS<\/a><\/b><\/p><p><b>INSCRIPTION SUR PLACE :\u00a0<a href=\"https:\/\/drive.google.com\/file\/d\/1_XuTTsUPvTkeyVhoSwQUr3gL2NVxBc8N\/view?usp=sharing\">Inscription papier <\/a><\/b><\/p><p><strong style=\"background-color: var( --e-global-color-text );\">HORAIRE PROVISOIRE :\u00a0<a href=\"https:\/\/drive.google.com\/file\/d\/159KpdoDKjzj6E6qPxP7UCQZXdNZ_q5rS\/view?usp=sharing\">Horaire provisoire<\/a><\/strong><\/p>\t\t\t\t\t\t\t\t<\/div>\n\t\t\t\t<\/div>\n\t\t\t\t\t<\/div>\n\t\t<\/div>\n\t\t\t\t\t<\/div>\n\t\t<\/section>\n\t\t\t\t<section class=\"elementor-section elementor-inner-section elementor-element elementor-element-e8a12fb elementor-section-boxed elementor-section-height-default elementor-section-height-default\" data-id=\"e8a12fb\" data-element_type=\"section\" data-e-type=\"section\">\n\t\t\t\t\t\t<div class=\"elementor-container elementor-column-gap-default\">\n\t\t\t\t\t<div class=\"elementor-column elementor-col-100 elementor-inner-column elementor-element elementor-element-4f77eba\" data-id=\"4f77eba\" data-element_type=\"column\" data-e-type=\"column\">\n\t\t\t<div class=\"elementor-widget-wrap elementor-element-populated\">\n\t\t\t\t\t\t<div class=\"elementor-element elementor-element-bd9fda3 elementor-widget elementor-widget-text-editor\" data-id=\"bd9fda3\" data-element_type=\"widget\" data-e-type=\"widget\" data-widget_type=\"text-editor.default\">\n\t\t\t\t<div class=\"elementor-widget-container\">\n\t\t\t\t\t\t\t\t\t<p style=\"text-align: center;\">COMP\u00c9TITION R\u00c9GIONALE SCOLAIRE (SECONDAIRE) POUR LES R\u00c9GIONS LAVAL &#8211; LAURENTIDES &#8211; LANAUDI\u00c8RE<\/p><p style=\"text-align: center;\">\u00a0<\/p>\t\t\t\t\t\t\t\t<\/div>\n\t\t\t\t<\/div>\n\t\t\t\t<div class=\"elementor-element elementor-element-d776304 elementor-hidden-tablet elementor-hidden-mobile elementor-countdown--label-block elementor-widget elementor-widget-countdown\" data-id=\"d776304\" data-element_type=\"widget\" data-e-type=\"widget\" data-widget_type=\"countdown.default\">\n\t\t\t\t<div class=\"elementor-widget-container\">\n\t\t\t\t\t\t\t<div data-expire-actions=\"[{&quot;type&quot;:&quot;hide&quot;}]\" class=\"elementor-countdown-wrapper\" data-date=\"1779760440\">\n\t\t\t<div class=\"elementor-countdown-item\"><span class=\"elementor-countdown-digits elementor-countdown-days\"><\/span> <span class=\"elementor-countdown-label\">Jours<\/span><\/div>\t\t<\/div>\n\t\t\t\t\t\t<\/div>\n\t\t\t\t<\/div>\n\t\t\t\t<div class=\"elementor-element elementor-element-4258ad0 elementor-widget__width-initial elementor-widget elementor-widget-image\" data-id=\"4258ad0\" data-element_type=\"widget\" data-e-type=\"widget\" data-widget_type=\"image.default\">\n\t\t\t\t<div class=\"elementor-widget-container\">\n\t\t\t\t\t\t\t\t\t\t\t\t\t\t\t<img fetchpriority=\"high\" decoding=\"async\" width=\"768\" height=\"446\" src=\"https:\/\/athletismelaval.com\/wp-content\/uploads\/2023\/02\/Sports-Laval-768x446.png\" class=\"attachment-medium_large size-medium_large wp-image-5776\" alt=\"\" srcset=\"https:\/\/athletismelaval.com\/wp-content\/uploads\/2023\/02\/Sports-Laval-768x446.png 768w, https:\/\/athletismelaval.com\/wp-content\/uploads\/2023\/02\/Sports-Laval-300x174.png 300w, https:\/\/athletismelaval.com\/wp-content\/uploads\/2023\/02\/Sports-Laval-1024x595.png 1024w, https:\/\/athletismelaval.com\/wp-content\/uploads\/2023\/02\/Sports-Laval-18x10.png 18w, https:\/\/athletismelaval.com\/wp-content\/uploads\/2023\/02\/Sports-Laval.png 1459w\" sizes=\"(max-width: 768px) 100vw, 768px\" \/>\t\t\t\t\t\t\t\t\t\t\t\t\t\t\t<\/div>\n\t\t\t\t<\/div>\n\t\t\t\t<div class=\"elementor-element elementor-element-a8c3665 elementor-widget__width-initial elementor-widget elementor-widget-spacer\" data-id=\"a8c3665\" data-element_type=\"widget\" data-e-type=\"widget\" data-widget_type=\"spacer.default\">\n\t\t\t\t<div class=\"elementor-widget-container\">\n\t\t\t\t\t\t\t<div class=\"elementor-spacer\">\n\t\t\t<div class=\"elementor-spacer-inner\"><\/div>\n\t\t<\/div>\n\t\t\t\t\t\t<\/div>\n\t\t\t\t<\/div>\n\t\t\t\t<div class=\"elementor-element elementor-element-b9bfffc elementor-widget elementor-widget-text-editor\" data-id=\"b9bfffc\" data-element_type=\"widget\" data-e-type=\"widget\" data-widget_type=\"text-editor.default\">\n\t\t\t\t<div class=\"elementor-widget-container\">\n\t\t\t\t\t\t\t\t\t<p><strong>ORGANISATEUR : <\/strong>Sports Laval et Athl\u00e9tisme Laval<\/p><p><span style=\"background-color: var( --e-global-color-text );\"><b>DATE:\u00a0 <\/b>Lundi, 25 mai <span style=\"color: #ff0000;\"><span style=\"color: #000000;\">2026<\/span><\/span><\/span><\/p><p><strong>LIEU : <\/strong>Piste Claude-Ferragne, Laval<\/p><p><strong>DOCUMENT TECHNIQUE<\/strong>: \u00c0 venir<\/p><p><b>INSCRIPTION EN LIGNE :<\/b> Avec les \u00e9coles<\/p><p><strong style=\"background-color: var( --e-global-color-text );\">HORAIRE \/ SCHEDULE :<\/strong><a style=\"background-color: var( --e-global-color-text );\" href=\"https:\/\/athletismelaval.com\/wp-content\/uploads\/2024\/07\/Horaire-complet.pdf\" target=\"_blank\" rel=\"noopener\">\u00a0<\/a><span style=\"background-color: var( --e-global-color-text );\">\u00c0 venir\u00a0<\/span><\/p>\t\t\t\t\t\t\t\t<\/div>\n\t\t\t\t<\/div>\n\t\t\t\t\t<\/div>\n\t\t<\/div>\n\t\t\t\t\t<\/div>\n\t\t<\/section>\n\t\t\t\t<section class=\"elementor-section elementor-inner-section elementor-element elementor-element-1128e74 elementor-section-boxed elementor-section-height-default elementor-section-height-default\" data-id=\"1128e74\" data-element_type=\"section\" data-e-type=\"section\">\n\t\t\t\t\t\t<div class=\"elementor-container elementor-column-gap-default\">\n\t\t\t\t\t<div class=\"elementor-column elementor-col-100 elementor-inner-column elementor-element elementor-element-6873c47\" data-id=\"6873c47\" data-element_type=\"column\" data-e-type=\"column\">\n\t\t\t<div class=\"elementor-widget-wrap elementor-element-populated\">\n\t\t\t\t\t\t<div class=\"elementor-element elementor-element-e5805a9 elementor-widget__width-initial elementor-widget elementor-widget-text-editor\" data-id=\"e5805a9\" data-element_type=\"widget\" data-e-type=\"widget\" data-widget_type=\"text-editor.default\">\n\t\t\t\t<div class=\"elementor-widget-container\">\n\t\t\t\t\t\t\t\t\t<p>COMP\u00c9TITION R\u00c9GIONALE SCOLAIRE LAVAL \u2013<\/p><p>(PRIMAIRE)<\/p>\t\t\t\t\t\t\t\t<\/div>\n\t\t\t\t<\/div>\n\t\t\t\t\t<\/div>\n\t\t<\/div>\n\t\t\t\t\t<\/div>\n\t\t<\/section>\n\t\t\t\t<section class=\"elementor-section elementor-inner-section elementor-element elementor-element-0bf59c0 elementor-section-boxed elementor-section-height-default elementor-section-height-default\" data-id=\"0bf59c0\" data-element_type=\"section\" data-e-type=\"section\">\n\t\t\t\t\t\t<div class=\"elementor-container elementor-column-gap-default\">\n\t\t\t\t\t<div class=\"elementor-column elementor-col-100 elementor-inner-column elementor-element elementor-element-74ddd11\" data-id=\"74ddd11\" data-element_type=\"column\" data-e-type=\"column\">\n\t\t\t<div class=\"elementor-widget-wrap elementor-element-populated\">\n\t\t\t\t\t\t<div class=\"elementor-element elementor-element-2cd6932 elementor-hidden-tablet elementor-hidden-mobile elementor-countdown--label-block elementor-widget elementor-widget-countdown\" data-id=\"2cd6932\" data-element_type=\"widget\" data-e-type=\"widget\" data-widget_type=\"countdown.default\">\n\t\t\t\t<div class=\"elementor-widget-container\">\n\t\t\t\t\t\t\t<div data-expire-actions=\"[{&quot;type&quot;:&quot;hide&quot;}]\" class=\"elementor-countdown-wrapper\" data-date=\"1779933240\">\n\t\t\t<div class=\"elementor-countdown-item\"><span class=\"elementor-countdown-digits elementor-countdown-days\"><\/span> <span class=\"elementor-countdown-label\">Jours<\/span><\/div>\t\t<\/div>\n\t\t\t\t\t\t<\/div>\n\t\t\t\t<\/div>\n\t\t\t\t\t<\/div>\n\t\t<\/div>\n\t\t\t\t\t<\/div>\n\t\t<\/section>\n\t\t\t\t<div class=\"elementor-element elementor-element-7e630b0 elementor-widget__width-initial elementor-widget elementor-widget-image\" data-id=\"7e630b0\" data-element_type=\"widget\" data-e-type=\"widget\" data-widget_type=\"image.default\">\n\t\t\t\t<div class=\"elementor-widget-container\">\n\t\t\t\t\t\t\t\t\t\t\t\t\t\t\t<img fetchpriority=\"high\" decoding=\"async\" width=\"768\" height=\"446\" src=\"https:\/\/athletismelaval.com\/wp-content\/uploads\/2023\/02\/Sports-Laval-768x446.png\" class=\"attachment-medium_large size-medium_large wp-image-5776\" alt=\"\" srcset=\"https:\/\/athletismelaval.com\/wp-content\/uploads\/2023\/02\/Sports-Laval-768x446.png 768w, https:\/\/athletismelaval.com\/wp-content\/uploads\/2023\/02\/Sports-Laval-300x174.png 300w, https:\/\/athletismelaval.com\/wp-content\/uploads\/2023\/02\/Sports-Laval-1024x595.png 1024w, https:\/\/athletismelaval.com\/wp-content\/uploads\/2023\/02\/Sports-Laval-18x10.png 18w, https:\/\/athletismelaval.com\/wp-content\/uploads\/2023\/02\/Sports-Laval.png 1459w\" sizes=\"(max-width: 768px) 100vw, 768px\" \/>\t\t\t\t\t\t\t\t\t\t\t\t\t\t\t<\/div>\n\t\t\t\t<\/div>\n\t\t\t\t<div class=\"elementor-element elementor-element-d92774d elementor-widget elementor-widget-text-editor\" data-id=\"d92774d\" data-element_type=\"widget\" data-e-type=\"widget\" data-widget_type=\"text-editor.default\">\n\t\t\t\t<div class=\"elementor-widget-container\">\n\t\t\t\t\t\t\t\t\t<p><strong>\u00a0<\/strong><strong>ORGANISATEUR : <\/strong>Sports Laval et Athl\u00e9tisme Laval<\/p><p><span style=\"background-color: var( --e-global-color-text );\"><b>DATE : mercredi<\/b>\u00a027 mai <span style=\"color: #ff0000;\"><span style=\"color: #000000;\">2026<\/span><\/span><\/span><\/p><p><strong>LIEU : <\/strong>Piste Claude-Ferragne, Laval<\/p><p>POUR : 5e et 6e ann\u00e9e<\/p><p><strong>DOCUMENT TECHNIQUE<\/strong>: \u00c0 venir\u00a0<\/p><p><b>INSCRIPTION EN LIGNE :<\/b> Avec les \u00e9coles<\/p><p><strong style=\"background-color: var( --e-global-color-text );\">HORAIRE \/ SCHEDULE :<\/strong><a style=\"background-color: var( --e-global-color-text );\" href=\"https:\/\/athletismelaval.com\/wp-content\/uploads\/2024\/07\/Horaire-complet.pdf\" target=\"_blank\" rel=\"noopener\">\u00a0<\/a><span style=\"background-color: var( --e-global-color-text );\">\u00c0 venir\u00a0<\/span><\/p><p><span style=\"background-color: var( --e-global-color-text );\">\u00a0<\/span><\/p>\t\t\t\t\t\t\t\t<\/div>\n\t\t\t\t<\/div>\n\t\t\t\t<section class=\"elementor-section elementor-inner-section elementor-element elementor-element-376a3d6 elementor-section-boxed elementor-section-height-default elementor-section-height-default\" data-id=\"376a3d6\" data-element_type=\"section\" data-e-type=\"section\">\n\t\t\t\t\t\t<div class=\"elementor-container elementor-column-gap-default\">\n\t\t\t\t\t<div class=\"elementor-column elementor-col-100 elementor-inner-column elementor-element elementor-element-7a56e76\" data-id=\"7a56e76\" data-element_type=\"column\" data-e-type=\"column\">\n\t\t\t<div class=\"elementor-widget-wrap elementor-element-populated\">\n\t\t\t\t\t\t<div class=\"elementor-element elementor-element-9f7250d elementor-widget elementor-widget-text-editor\" data-id=\"9f7250d\" data-element_type=\"widget\" data-e-type=\"widget\" data-widget_type=\"text-editor.default\">\n\t\t\t\t<div class=\"elementor-widget-container\">\n\t\t\t\t\t\t\t\t\t<p style=\"text-align: center;\">CHAMPIONNAT CANADIEN DES MA\u00ceTRES<\/p>\t\t\t\t\t\t\t\t<\/div>\n\t\t\t\t<\/div>\n\t\t\t\t<div class=\"elementor-element elementor-element-8cb9758 elementor-hidden-tablet elementor-hidden-mobile elementor-countdown--label-block elementor-widget elementor-widget-countdown\" data-id=\"8cb9758\" data-element_type=\"widget\" data-e-type=\"widget\" data-widget_type=\"countdown.default\">\n\t\t\t\t<div class=\"elementor-widget-container\">\n\t\t\t\t\t\t\t<div data-expire-actions=\"[{&quot;type&quot;:&quot;hide&quot;}]\" class=\"elementor-countdown-wrapper\" data-date=\"1785549240\">\n\t\t\t<div class=\"elementor-countdown-item\"><span class=\"elementor-countdown-digits elementor-countdown-days\"><\/span> <span class=\"elementor-countdown-label\">Jours<\/span><\/div>\t\t<\/div>\n\t\t\t\t\t\t<\/div>\n\t\t\t\t<\/div>\n\t\t\t\t<div class=\"elementor-element elementor-element-8d38de7 elementor-widget elementor-widget-text-editor\" data-id=\"8d38de7\" data-element_type=\"widget\" data-e-type=\"widget\" data-widget_type=\"text-editor.default\">\n\t\t\t\t<div class=\"elementor-widget-container\">\n\t\t\t\t\t\t\t\t\t<p>\u00a0<\/p><p><strong>\u00a0<\/strong><\/p><p><strong>ORGANISATEUR :<\/strong>\u00a0Athl\u00e9tisme Laval<\/p><p><span style=\"background-color: var( --e-global-color-text );\"><b>DATE: <\/b>\u00a031 juillet au 2 ao\u00fbt 2026<\/span><\/p><p><strong>LIEU : <\/strong>Piste Claude-Ferragne, Laval<\/p><p><strong style=\"background-color: var( --e-global-color-text );\">DOCUMENT TECHNIQUE<\/strong><span style=\"background-color: var( --e-global-color-text );\">: \u00c0 venir<\/span><\/p><p><b>INSCRIPTION EN LIGNE : <\/b>\u00c0 venir<\/p><p><strong style=\"background-color: var( --e-global-color-text );\">HORAIRE\u00a0 :<\/strong><a style=\"background-color: var( --e-global-color-text );\" href=\"https:\/\/athletismelaval.com\/wp-content\/uploads\/2024\/07\/Horaire-complet.pdf\" target=\"_blank\" rel=\"noopener\">\u00a0<\/a><span style=\"background-color: var( --e-global-color-text );\">\u00c0 venir\u00a0<\/span><\/p>\t\t\t\t\t\t\t\t<\/div>\n\t\t\t\t<\/div>\n\t\t\t\t\t<\/div>\n\t\t<\/div>\n\t\t\t\t\t<\/div>\n\t\t<\/section>\n\t\t\t\t\t<\/div>\n\t\t<\/div>\n\t\t\t\t\t<\/div>\n\t\t<\/section>\n\t\t\t\t<section class=\"elementor-section elementor-top-section elementor-element elementor-element-3bd6297 elementor-section-boxed elementor-section-height-default elementor-section-height-default\" data-id=\"3bd6297\" data-element_type=\"section\" data-e-type=\"section\">\n\t\t\t\t\t\t<div class=\"elementor-container elementor-column-gap-default\">\n\t\t\t\t\t<div class=\"elementor-column elementor-col-100 elementor-top-column elementor-element elementor-element-1ad3604\" data-id=\"1ad3604\" data-element_type=\"column\" data-e-type=\"column\">\n\t\t\t<div class=\"elementor-widget-wrap elementor-element-populated\">\n\t\t\t\t\t\t<div class=\"elementor-element elementor-element-52c2e78 elementor-widget elementor-widget-text-editor\" data-id=\"52c2e78\" data-element_type=\"widget\" data-e-type=\"widget\" data-widget_type=\"text-editor.default\">\n\t\t\t\t<div class=\"elementor-widget-container\">\n\t\t\t\t\t\t\t\t\t<p><strong>CHAMPIONNATS PROVINCIAUX CADETS ET JUVENILES<\/strong><\/p>\t\t\t\t\t\t\t\t<\/div>\n\t\t\t\t<\/div>\n\t\t\t\t\t<\/div>\n\t\t<\/div>\n\t\t\t\t\t<\/div>\n\t\t<\/section>\n\t\t\t\t<section class=\"elementor-section elementor-top-section elementor-element elementor-element-1d9e238 elementor-section-boxed elementor-section-height-default elementor-section-height-default\" data-id=\"1d9e238\" data-element_type=\"section\" data-e-type=\"section\">\n\t\t\t\t\t\t<div class=\"elementor-container elementor-column-gap-default\">\n\t\t\t\t\t<div class=\"elementor-column elementor-col-100 elementor-top-column elementor-element elementor-element-180bdfb\" data-id=\"180bdfb\" data-element_type=\"column\" data-e-type=\"column\">\n\t\t\t<div class=\"elementor-widget-wrap elementor-element-populated\">\n\t\t\t\t\t\t<section class=\"elementor-section elementor-inner-section elementor-element elementor-element-dd1d70c elementor-section-boxed elementor-section-height-default elementor-section-height-default\" data-id=\"dd1d70c\" data-element_type=\"section\" data-e-type=\"section\">\n\t\t\t\t\t\t<div class=\"elementor-container elementor-column-gap-default\">\n\t\t\t\t\t<div class=\"elementor-column elementor-col-100 elementor-inner-column elementor-element elementor-element-9f5e461\" data-id=\"9f5e461\" data-element_type=\"column\" data-e-type=\"column\">\n\t\t\t<div class=\"elementor-widget-wrap elementor-element-populated\">\n\t\t\t\t\t\t<div class=\"elementor-element elementor-element-0984619 elementor-hidden-tablet elementor-hidden-mobile elementor-countdown--label-block elementor-widget elementor-widget-countdown\" data-id=\"0984619\" data-element_type=\"widget\" data-e-type=\"widget\" data-widget_type=\"countdown.default\">\n\t\t\t\t<div class=\"elementor-widget-container\">\n\t\t\t\t\t\t\t<div data-expire-actions=\"[{&quot;type&quot;:&quot;hide&quot;}]\" class=\"elementor-countdown-wrapper\" data-date=\"1786240440\">\n\t\t\t<div class=\"elementor-countdown-item\"><span class=\"elementor-countdown-digits elementor-countdown-days\"><\/span> <span class=\"elementor-countdown-label\">Jours<\/span><\/div>\t\t<\/div>\n\t\t\t\t\t\t<\/div>\n\t\t\t\t<\/div>\n\t\t\t\t\t<\/div>\n\t\t<\/div>\n\t\t\t\t\t<\/div>\n\t\t<\/section>\n\t\t\t\t<div class=\"elementor-element elementor-element-d4c2fea elementor-widget elementor-widget-text-editor\" data-id=\"d4c2fea\" data-element_type=\"widget\" data-e-type=\"widget\" data-widget_type=\"text-editor.default\">\n\t\t\t\t<div class=\"elementor-widget-container\">\n\t\t\t\t\t\t\t\t\t<h5>\u00a0<\/h5><p>\u00a0<\/p><h5><strong>ORGANISATEUR :\u00a0<\/strong>Athl\u00e9tisme Laval<\/h5><h5><b>DATE:\u00a0 8-9 Ao\u00fbt 2026<\/b><\/h5><h5><strong>LIEU :\u00a0<\/strong>Piste Claude-Ferragne, Laval<\/h5><h5><strong>DOCUMENT TECHNIQUE<\/strong>: \u00c0 venir\u00a0<\/h5><h5><b>INSCRIPTION EN LIGNE :<\/b>\u00a0\u00c0 venir<\/h5><h5><strong>HORAIRE \/ SCHEDULE :<\/strong><a href=\"https:\/\/athletismelaval.com\/wp-content\/uploads\/2024\/07\/Horaire-complet.pdf\" target=\"_blank\" rel=\"noopener\">\u00a0<\/a>\u00c0 venir<\/h5>\t\t\t\t\t\t\t\t<\/div>\n\t\t\t\t<\/div>\n\t\t\t\t\t<\/div>\n\t\t<\/div>\n\t\t\t\t\t<\/div>\n\t\t<\/section>\n\t\t\t\t<section class=\"elementor-section elementor-top-section elementor-element elementor-element-497dcc4 elementor-section-boxed elementor-section-height-default elementor-section-height-default\" data-id=\"497dcc4\" data-element_type=\"section\" data-e-type=\"section\">\n\t\t\t\t\t\t<div class=\"elementor-container elementor-column-gap-default\">\n\t\t\t\t\t<div class=\"elementor-column elementor-col-100 elementor-top-column elementor-element elementor-element-6107755\" data-id=\"6107755\" data-element_type=\"column\" data-e-type=\"column\">\n\t\t\t<div class=\"elementor-widget-wrap elementor-element-populated\">\n\t\t\t\t\t\t<div class=\"elementor-element elementor-element-94bf9b6 elementor-widget elementor-widget-text-editor\" data-id=\"94bf9b6\" data-element_type=\"widget\" data-e-type=\"widget\" data-widget_type=\"text-editor.default\">\n\t\t\t\t<div class=\"elementor-widget-container\">\n\t\t\t\t\t\t\t\t\t<p>Mise \u00e0 jour:&nbsp; 3 avril 2026<\/p>\t\t\t\t\t\t\t\t<\/div>\n\t\t\t\t<\/div>\n\t\t\t\t\t<\/div>\n\t\t<\/div>\n\t\t\t\t\t<\/div>\n\t\t<\/section>\n\t\t\t\t<\/div>\n\t\t","protected":false},"excerpt":{"rendered":"<p>Comp\u00e9titions 2026 COMBIN\u00c9ES ATHL\u00c9TISME LAVAL Jours \u00a0 \u00a0 ORGANISATEUR :\u00a0Athl\u00e9tisme Laval DATE: Dimanche, 17 mai 2026 LIEU : Piste Claude-Ferragne, Laval POUR : Enfants 4-12 ans DOCUMENT TECHNIQUE : COMBIN\u00c9ES ATHL\u00c9TISME LAVAL\u00a0 INSCRIPTION EN LIGNE :\u00a0Plateforme AVS INSCRIPTION SUR PLACE :\u00a0Inscription papier HORAIRE PROVISOIRE :\u00a0Horaire provisoire COMP\u00c9TITION R\u00c9GIONALE SCOLAIRE (SECONDAIRE) POUR LES R\u00c9GIONS LAVAL &#8211; [&hellip;]<\/p>\n","protected":false},"author":2,"featured_media":1767,"parent":2655,"menu_order":0,"comment_status":"closed","ping_status":"closed","template":"elementor_theme","meta":{"_lmt_disableupdate":"","_lmt_disable":"","footnotes":""},"categories":[27],"class_list":["post-2693","page","type-page","status-publish","has-post-thumbnail","hentry","category-evenements"],"_links":{"self":[{"href":"https:\/\/athletismelaval.com\/en\/wp-json\/wp\/v2\/pages\/2693","targetHints":{"allow":["GET"]}}],"collection":[{"href":"https:\/\/athletismelaval.com\/en\/wp-json\/wp\/v2\/pages"}],"about":[{"href":"https:\/\/athletismelaval.com\/en\/wp-json\/wp\/v2\/types\/page"}],"author":[{"embeddable":true,"href":"https:\/\/athletismelaval.com\/en\/wp-json\/wp\/v2\/users\/2"}],"replies":[{"embeddable":true,"href":"https:\/\/athletismelaval.com\/en\/wp-json\/wp\/v2\/comments?post=2693"}],"version-history":[{"count":117,"href":"https:\/\/athletismelaval.com\/en\/wp-json\/wp\/v2\/pages\/2693\/revisions"}],"predecessor-version":[{"id":8130,"href":"https:\/\/athletismelaval.com\/en\/wp-json\/wp\/v2\/pages\/2693\/revisions\/8130"}],"up":[{"embeddable":true,"href":"https:\/\/athletismelaval.com\/en\/wp-json\/wp\/v2\/pages\/2655"}],"wp:featuredmedia":[{"embeddable":true,"href":"https:\/\/athletismelaval.com\/en\/wp-json\/wp\/v2\/media\/1767"}],"wp:attachment":[{"href":"https:\/\/athletismelaval.com\/en\/wp-json\/wp\/v2\/media?parent=2693"}],"wp:term":[{"taxonomy":"category","embeddable":true,"href":"https:\/\/athletismelaval.com\/en\/wp-json\/wp\/v2\/categories?post=2693"}],"curies":[{"name":"wp","href":"https:\/\/api.w.org\/{rel}","templated":true}]}}